{"id":11692,"date":"2022-11-09T13:55:21","date_gmt":"2022-11-09T13:55:21","guid":{"rendered":"https:\/\/www.3dbarrierbags.com\/servicios-de-contratacion-del-gobierno\/"},"modified":"2024-12-18T20:03:54","modified_gmt":"2024-12-18T20:03:54","slug":"servicios-de-contratacion-del-gobierno","status":"publish","type":"page","link":"https:\/\/www.3dbarrierbags.com\/es\/servicios-de-contratacion-del-gobierno\/","title":{"rendered":"Servicios de Contrataci\u00f3n Gubernamental"},"content":{"rendered":"\t\t<div data-elementor-type=\"wp-post\" data-elementor-id=\"11692\" class=\"elementor elementor-11692 elementor-10877\" data-elementor-post-type=\"page\">\n\t\t\t\t\t\t<section class=\"elementor-section elementor-top-section elementor-element elementor-element-10b3474 elementor-reverse-mobile elementor-section-boxed elementor-section-height-default elementor-section-height-default\" data-id=\"10b3474\" data-element_type=\"section\" data-e-type=\"section\" data-settings=\"{&quot;background_background&quot;:&quot;classic&quot;}\">\n\t\t\t\t\t\t<div class=\"elementor-container elementor-column-gap-default\">\n\t\t\t\t\t<div class=\"elementor-column elementor-col-50 elementor-top-column elementor-element elementor-element-988c61c elementor-invisible\" data-id=\"988c61c\" data-element_type=\"column\" data-e-type=\"column\" data-settings=\"{&quot;animation&quot;:&quot;fadeIn&quot;,&quot;animation_delay&quot;:200}\">\n\t\t\t<div class=\"elementor-widget-wrap elementor-element-populated\">\n\t\t\t\t\t\t<div class=\"elementor-element elementor-element-f0e87c2 elementor-invisible elementor-widget elementor-widget-heading\" data-id=\"f0e87c2\" data-element_type=\"widget\" data-e-type=\"widget\" data-settings=\"{&quot;_animation&quot;:&quot;fadeIn&quot;}\" data-widget_type=\"heading.default\">\n\t\t\t\t\t<h2 class=\"elementor-heading-title elementor-size-default elementor-heading-title elementor-align-after-left\">Protecci\u00f3n de Especificaciones Militares<\/h2>\t\t\t\t<\/div>\n\t\t\t\t<div class=\"elementor-element elementor-element-9cdd897 elementor-widget elementor-widget-text-editor\" data-id=\"9cdd897\" data-element_type=\"widget\" data-e-type=\"widget\" data-widget_type=\"text-editor.default\">\n\t\t\t\t\t\t\t\t\t<p>Tenemos nuestra propia especificaci\u00f3n militar, laminados de l\u00e1mina de barrera aprobados para materiales MIL-PRF-131L Clase 1 que figuran bajo nuestro nombre en la base de datos de productos calificados del Laboratorio Naval de EE. UU., lo que confirma el rendimiento y los est\u00e1ndares requeridos para dichos materiales.<\/p>\n<p>Las bolsas y revestimientos de barrera de vapor hechos a medida y fabricados con nuestros laminados MIL-PRF-131L Clase 1, con certificaci\u00f3n QPD, brindan protecci\u00f3n total para cualquier producto susceptible a la corrosi\u00f3n durante el almacenamiento y el transporte. Todas nuestras soluciones de embalaje se fabrican seg\u00fan las normas ISO 9001:2015 en nuestras instalaciones automatizadas y de fabricaci\u00f3n manual.<\/p>\n\t\t\t\t\t\t\t\t<\/div>\n\t\t\t\t\t<\/div>\n\t\t<\/div>\n\t\t\t\t<div class=\"elementor-column elementor-col-50 elementor-top-column elementor-element elementor-element-9f7d21a elementor-invisible\" data-id=\"9f7d21a\" data-element_type=\"column\" data-e-type=\"column\" data-settings=\"{&quot;animation&quot;:&quot;fadeIn&quot;}\">\n\t\t\t<div class=\"elementor-widget-wrap elementor-element-populated\">\n\t\t\t\t\t\t<div class=\"elementor-element elementor-element-f8f7423 elementor-widget elementor-widget-image\" data-id=\"f8f7423\" data-element_type=\"widget\" data-e-type=\"widget\" data-widget_type=\"image.default\">\n\t\t\t\t\t\t\t\t\t\t\t\t\t\t\t<img fetchpriority=\"high\" decoding=\"async\" width=\"650\" height=\"430\" src=\"https:\/\/www.3dbarrierbags.com\/wp-content\/uploads\/2022\/07\/ProductCompilation.png\" class=\"attachment-full size-full wp-image-6388\" alt=\"\" srcset=\"https:\/\/www.3dbarrierbags.com\/wp-content\/uploads\/2022\/07\/ProductCompilation.png 650w, https:\/\/www.3dbarrierbags.com\/wp-content\/uploads\/2022\/07\/ProductCompilation-300x198.png 300w, https:\/\/www.3dbarrierbags.com\/wp-content\/uploads\/2022\/07\/ProductCompilation-285x189.png 285w, https:\/\/www.3dbarrierbags.com\/wp-content\/uploads\/2022\/07\/ProductCompilation-150x99.png 150w\" sizes=\"(max-width: 650px) 100vw, 650px\" \/>\t\t\t\t\t\t\t\t\t\t\t\t\t\t\t<\/div>\n\t\t\t\t\t<\/div>\n\t\t<\/div>\n\t\t\t\t\t<\/div>\n\t\t<\/section>\n\t\t\t\t<section class=\"elementor-section elementor-top-section elementor-element elementor-element-593be8b elementor-section-boxed elementor-section-height-default elementor-section-height-default\" data-id=\"593be8b\" data-element_type=\"section\" data-e-type=\"section\" data-settings=\"{&quot;background_background&quot;:&quot;classic&quot;}\">\n\t\t\t\t\t\t<div class=\"elementor-container elementor-column-gap-default\">\n\t\t\t\t\t<div class=\"elementor-column elementor-col-50 elementor-top-column elementor-element elementor-element-92172df elementor-invisible\" data-id=\"92172df\" data-element_type=\"column\" data-e-type=\"column\" data-settings=\"{&quot;animation&quot;:&quot;fadeIn&quot;}\">\n\t\t\t<div class=\"elementor-widget-wrap elementor-element-populated\">\n\t\t\t\t\t\t<div class=\"elementor-element elementor-element-3bde926 elementor-widget elementor-widget-image\" data-id=\"3bde926\" data-element_type=\"widget\" data-e-type=\"widget\" data-widget_type=\"image.default\">\n\t\t\t\t\t\t\t\t\t\t\t\t\t\t\t<img decoding=\"async\" width=\"768\" height=\"734\" src=\"https:\/\/www.3dbarrierbags.com\/wp-content\/uploads\/2022\/07\/USA_W.V.T-768x734-1.png\" class=\"attachment-full size-full wp-image-6390\" alt=\"\" srcset=\"https:\/\/www.3dbarrierbags.com\/wp-content\/uploads\/2022\/07\/USA_W.V.T-768x734-1.png 768w, https:\/\/www.3dbarrierbags.com\/wp-content\/uploads\/2022\/07\/USA_W.V.T-768x734-1-300x287.png 300w, https:\/\/www.3dbarrierbags.com\/wp-content\/uploads\/2022\/07\/USA_W.V.T-768x734-1-285x272.png 285w, https:\/\/www.3dbarrierbags.com\/wp-content\/uploads\/2022\/07\/USA_W.V.T-768x734-1-660x631.png 660w, https:\/\/www.3dbarrierbags.com\/wp-content\/uploads\/2022\/07\/USA_W.V.T-768x734-1-150x143.png 150w\" sizes=\"(max-width: 768px) 100vw, 768px\" \/>\t\t\t\t\t\t\t\t\t\t\t\t\t\t\t<\/div>\n\t\t\t\t\t<\/div>\n\t\t<\/div>\n\t\t\t\t<div class=\"elementor-column elementor-col-50 elementor-top-column elementor-element elementor-element-bf361ba elementor-invisible\" data-id=\"bf361ba\" data-element_type=\"column\" data-e-type=\"column\" data-settings=\"{&quot;animation&quot;:&quot;fadeIn&quot;,&quot;animation_delay&quot;:200}\">\n\t\t\t<div class=\"elementor-widget-wrap elementor-element-populated\">\n\t\t\t\t\t\t<div class=\"elementor-element elementor-element-8a7a1c8 elementor-invisible elementor-widget elementor-widget-heading\" data-id=\"8a7a1c8\" data-element_type=\"widget\" data-e-type=\"widget\" data-settings=\"{&quot;_animation&quot;:&quot;fadeIn&quot;}\" data-widget_type=\"heading.default\">\n\t\t\t\t\t<h2 class=\"elementor-heading-title elementor-size-default elementor-heading-title elementor-align-after-left\">Qu\u00e9 Hacemos<\/h2>\t\t\t\t<\/div>\n\t\t\t\t<div class=\"elementor-element elementor-element-98412fa elementor-widget elementor-widget-text-editor\" data-id=\"98412fa\" data-element_type=\"widget\" data-e-type=\"widget\" data-widget_type=\"text-editor.default\">\n\t\t\t\t\t\t\t\t\t<p>3D Barrier Bags, Inc.\u2122 dise\u00f1a y fabrica una gama de soluciones de embalaje con especificaciones militares para la industria militar y de defensa. Nuestras bolsas y revestimientos de papel de aluminio protegen el equipo de la humedad, el ingreso de ox\u00edgeno y los rayos U.V. rayos, grasas y muchos otros elementos que causan corrosi\u00f3n.<\/p>\n<p>Las l\u00e1minas de barrera de aluminio tienen las tasas de transmisi\u00f3n m\u00e1s bajas de cualquier material flexible conocido, manteniendo los niveles residuales de humedad y ox\u00edgeno dentro de la tolerancia.<\/p>\n\t\t\t\t\t\t\t\t<\/div>\n\t\t\t\t\t<\/div>\n\t\t<\/div>\n\t\t\t\t\t<\/div>\n\t\t<\/section>\n\t\t\t\t<section class=\"elementor-section elementor-top-section elementor-element elementor-element-6303e2e elementor-reverse-mobile elementor-section-boxed elementor-section-height-default elementor-section-height-default\" data-id=\"6303e2e\" data-element_type=\"section\" data-e-type=\"section\" data-settings=\"{&quot;background_background&quot;:&quot;classic&quot;}\">\n\t\t\t\t\t\t<div class=\"elementor-container elementor-column-gap-default\">\n\t\t\t\t\t<div class=\"elementor-column elementor-col-50 elementor-top-column elementor-element elementor-element-77504f8 elementor-invisible\" data-id=\"77504f8\" data-element_type=\"column\" data-e-type=\"column\" data-settings=\"{&quot;animation&quot;:&quot;fadeIn&quot;,&quot;animation_delay&quot;:200}\">\n\t\t\t<div class=\"elementor-widget-wrap elementor-element-populated\">\n\t\t\t\t\t\t<div class=\"elementor-element elementor-element-5813809 elementor-invisible elementor-widget elementor-widget-heading\" data-id=\"5813809\" data-element_type=\"widget\" data-e-type=\"widget\" data-settings=\"{&quot;_animation&quot;:&quot;fadeIn&quot;}\" data-widget_type=\"heading.default\">\n\t\t\t\t\t<h2 class=\"elementor-heading-title elementor-size-default elementor-heading-title elementor-align-after-left\">Por qu\u00e9 elegir 3D Barrier Bags, Inc.\u2122<\/h2>\t\t\t\t<\/div>\n\t\t\t\t<div class=\"elementor-element elementor-element-e344e19 elementor-widget elementor-widget-text-editor\" data-id=\"e344e19\" data-element_type=\"widget\" data-e-type=\"widget\" data-widget_type=\"text-editor.default\">\n\t\t\t\t\t\t\t\t\t<ul>\n<li>Materiales de barrera listados por QPD que cumplen con los requisitos de las especificaciones de rendimiento Mil-PRF-131L Clase 1.<\/li>\n<li>Laminados de barrera de aluminio aprobados para el contacto con alimentos seg\u00fan los est\u00e1ndares de la FDA.<\/li>\n<li>Sin limitaciones en el tama\u00f1o o forma de nuestros formatos de packaging.<\/li>\n<li>L\u00edder en la industria, plazos de entrega.<\/li>\n<li>Evita la transferencia de olores dentro y fuera del paquete.<\/li>\n<li>Sin requisito de pedido m\u00ednimo.<\/li>\n<li>Materiales con mejor rendimiento en su clase.<\/li>\n<li>Con experiencia en servir a corporaciones grandes y peque\u00f1as.<\/li>\n<\/ul>\n\t\t\t\t\t\t\t\t<\/div>\n\t\t\t\t\t<\/div>\n\t\t<\/div>\n\t\t\t\t<div class=\"elementor-column elementor-col-50 elementor-top-column elementor-element elementor-element-eb84daa elementor-invisible\" data-id=\"eb84daa\" data-element_type=\"column\" data-e-type=\"column\" data-settings=\"{&quot;animation&quot;:&quot;fadeIn&quot;}\">\n\t\t\t<div class=\"elementor-widget-wrap elementor-element-populated\">\n\t\t\t\t\t\t<div class=\"elementor-element elementor-element-faa3a3e elementor-widget elementor-widget-image\" data-id=\"faa3a3e\" data-element_type=\"widget\" data-e-type=\"widget\" data-widget_type=\"image.default\">\n\t\t\t\t\t\t\t\t\t\t\t\t\t\t\t<img fetchpriority=\"high\" decoding=\"async\" width=\"650\" height=\"430\" src=\"https:\/\/www.3dbarrierbags.com\/wp-content\/uploads\/2022\/07\/ProductCompilation.png\" class=\"attachment-full size-full wp-image-6388\" alt=\"\" srcset=\"https:\/\/www.3dbarrierbags.com\/wp-content\/uploads\/2022\/07\/ProductCompilation.png 650w, https:\/\/www.3dbarrierbags.com\/wp-content\/uploads\/2022\/07\/ProductCompilation-300x198.png 300w, https:\/\/www.3dbarrierbags.com\/wp-content\/uploads\/2022\/07\/ProductCompilation-285x189.png 285w, https:\/\/www.3dbarrierbags.com\/wp-content\/uploads\/2022\/07\/ProductCompilation-150x99.png 150w\" sizes=\"(max-width: 650px) 100vw, 650px\" \/>\t\t\t\t\t\t\t\t\t\t\t\t\t\t\t<\/div>\n\t\t\t\t\t<\/div>\n\t\t<\/div>\n\t\t\t\t\t<\/div>\n\t\t<\/section>\n\t\t\t\t<\/div>\n\t\t","protected":false},"excerpt":{"rendered":"<p>Protecci\u00f3n de Especificaciones Militares Tenemos nuestra propia especificaci\u00f3n militar, laminados de l\u00e1mina de barrera aprobados para materiales MIL-PRF-131L&#8230;<\/p>\n","protected":false},"author":1,"featured_media":0,"parent":0,"menu_order":0,"comment_status":"closed","ping_status":"closed","template":"elementor_header_footer","meta":{"_acf_changed":false,"content-type":"","footnotes":""},"industry":[],"product":[],"class_list":["post-11692","page","type-page","status-publish","hentry"],"acf":[],"yoast_head":"<!-- This site is optimized with the Yoast SEO plugin v27.4 - https:\/\/yoast.com\/product\/yoast-seo-wordpress\/ -->\n<title>Especificaciones Militares, Laminados de L\u00e1mina de Barrera<\/title>\n<meta name=\"description\" content=\"3D Barrier Bags, Inc. \u2122 tiene laminados de l\u00e1mina de barrera con especificaciones militares, que est\u00e1n aprobados seg\u00fan MIL-PRF-131K Clase 1. Nuestros productos se fabrican seg\u00fan las normas ISO 9001:2015.\" \/>\n<meta name=\"robots\" content=\"index, follow, max-snippet:-1, max-image-preview:large, max-video-preview:-1\" \/>\n<link rel=\"canonical\" href=\"https:\/\/www.3dbarrierbags.com\/es\/servicios-de-contratacion-del-gobierno\/\" \/>\n<meta property=\"og:locale\" content=\"es_ES\" \/>\n<meta property=\"og:type\" content=\"article\" \/>\n<meta property=\"og:title\" content=\"Especificaciones Militares, Laminados de L\u00e1mina de Barrera\" \/>\n<meta property=\"og:description\" content=\"3D Barrier Bags, Inc. \u2122 tiene laminados de l\u00e1mina de barrera con especificaciones militares, que est\u00e1n aprobados seg\u00fan MIL-PRF-131K Clase 1. Nuestros productos se fabrican seg\u00fan las normas ISO 9001:2015.\" \/>\n<meta property=\"og:url\" content=\"https:\/\/www.3dbarrierbags.com\/es\/servicios-de-contratacion-del-gobierno\/\" \/>\n<meta property=\"og:site_name\" content=\"3D Barrier Bags, Inc\" \/>\n<meta property=\"article:modified_time\" content=\"2024-12-18T20:03:54+00:00\" \/>\n<meta property=\"og:image\" content=\"https:\/\/www.3dbarrierbags.com\/wp-content\/uploads\/2022\/07\/ProductCompilation.png\" \/>\n\t<meta property=\"og:image:width\" content=\"650\" \/>\n\t<meta property=\"og:image:height\" content=\"430\" \/>\n\t<meta property=\"og:image:type\" content=\"image\/png\" \/>\n<meta name=\"twitter:card\" content=\"summary_large_image\" \/>\n<meta name=\"twitter:label1\" content=\"Tiempo de lectura\" \/>\n\t<meta name=\"twitter:data1\" content=\"2 minutos\" \/>\n<script type=\"application\/ld+json\" class=\"yoast-schema-graph\">{\"@context\":\"https:\\\/\\\/schema.org\",\"@graph\":[{\"@type\":\"WebPage\",\"@id\":\"https:\\\/\\\/www.3dbarrierbags.com\\\/es\\\/servicios-de-contratacion-del-gobierno\\\/\",\"url\":\"https:\\\/\\\/www.3dbarrierbags.com\\\/es\\\/servicios-de-contratacion-del-gobierno\\\/\",\"name\":\"Especificaciones Militares, Laminados de L\u00e1mina de Barrera\",\"isPartOf\":{\"@id\":\"https:\\\/\\\/www.3dbarrierbags.com\\\/es\\\/#website\"},\"primaryImageOfPage\":{\"@id\":\"https:\\\/\\\/www.3dbarrierbags.com\\\/es\\\/servicios-de-contratacion-del-gobierno\\\/#primaryimage\"},\"image\":{\"@id\":\"https:\\\/\\\/www.3dbarrierbags.com\\\/es\\\/servicios-de-contratacion-del-gobierno\\\/#primaryimage\"},\"thumbnailUrl\":\"https:\\\/\\\/www.3dbarrierbags.com\\\/wp-content\\\/uploads\\\/2022\\\/07\\\/ProductCompilation.png\",\"datePublished\":\"2022-11-09T13:55:21+00:00\",\"dateModified\":\"2024-12-18T20:03:54+00:00\",\"description\":\"3D Barrier Bags, Inc. \u2122 tiene laminados de l\u00e1mina de barrera con especificaciones militares, que est\u00e1n aprobados seg\u00fan MIL-PRF-131K Clase 1. Nuestros productos se fabrican seg\u00fan las normas ISO 9001:2015.\",\"breadcrumb\":{\"@id\":\"https:\\\/\\\/www.3dbarrierbags.com\\\/es\\\/servicios-de-contratacion-del-gobierno\\\/#breadcrumb\"},\"inLanguage\":\"es\",\"potentialAction\":[{\"@type\":\"ReadAction\",\"target\":[\"https:\\\/\\\/www.3dbarrierbags.com\\\/es\\\/servicios-de-contratacion-del-gobierno\\\/\"]}]},{\"@type\":\"ImageObject\",\"inLanguage\":\"es\",\"@id\":\"https:\\\/\\\/www.3dbarrierbags.com\\\/es\\\/servicios-de-contratacion-del-gobierno\\\/#primaryimage\",\"url\":\"https:\\\/\\\/www.3dbarrierbags.com\\\/wp-content\\\/uploads\\\/2022\\\/07\\\/ProductCompilation.png\",\"contentUrl\":\"https:\\\/\\\/www.3dbarrierbags.com\\\/wp-content\\\/uploads\\\/2022\\\/07\\\/ProductCompilation.png\"},{\"@type\":\"BreadcrumbList\",\"@id\":\"https:\\\/\\\/www.3dbarrierbags.com\\\/es\\\/servicios-de-contratacion-del-gobierno\\\/#breadcrumb\",\"itemListElement\":[{\"@type\":\"ListItem\",\"position\":1,\"name\":\"Home\",\"item\":\"https:\\\/\\\/www.3dbarrierbags.com\\\/es\\\/\"},{\"@type\":\"ListItem\",\"position\":2,\"name\":\"Servicios de Contrataci\u00f3n Gubernamental\"}]},{\"@type\":\"WebSite\",\"@id\":\"https:\\\/\\\/www.3dbarrierbags.com\\\/es\\\/#website\",\"url\":\"https:\\\/\\\/www.3dbarrierbags.com\\\/es\\\/\",\"name\":\"3D Barrier Bags, Inc\",\"description\":\"\",\"publisher\":{\"@id\":\"https:\\\/\\\/www.3dbarrierbags.com\\\/es\\\/#organization\"},\"potentialAction\":[{\"@type\":\"SearchAction\",\"target\":{\"@type\":\"EntryPoint\",\"urlTemplate\":\"https:\\\/\\\/www.3dbarrierbags.com\\\/es\\\/?s={search_term_string}\"},\"query-input\":{\"@type\":\"PropertyValueSpecification\",\"valueRequired\":true,\"valueName\":\"search_term_string\"}}],\"inLanguage\":\"es\"},{\"@type\":\"Organization\",\"@id\":\"https:\\\/\\\/www.3dbarrierbags.com\\\/es\\\/#organization\",\"name\":\"3D Barrier Bags\",\"url\":\"https:\\\/\\\/www.3dbarrierbags.com\\\/es\\\/\",\"logo\":{\"@type\":\"ImageObject\",\"inLanguage\":\"es\",\"@id\":\"https:\\\/\\\/www.3dbarrierbags.com\\\/es\\\/#\\\/schema\\\/logo\\\/image\\\/\",\"url\":\"https:\\\/\\\/www.3dbarrierbags.com\\\/wp-content\\\/uploads\\\/2023\\\/01\\\/3d-og-img.jpg\",\"contentUrl\":\"https:\\\/\\\/www.3dbarrierbags.com\\\/wp-content\\\/uploads\\\/2023\\\/01\\\/3d-og-img.jpg\",\"width\":1200,\"height\":630,\"caption\":\"3D Barrier Bags\"},\"image\":{\"@id\":\"https:\\\/\\\/www.3dbarrierbags.com\\\/es\\\/#\\\/schema\\\/logo\\\/image\\\/\"},\"sameAs\":[\"https:\\\/\\\/www.linkedin.com\\\/company\\\/3d-barrier-bags-inc\\\/mycompany\"]}]}<\/script>\n<!-- \/ Yoast SEO plugin. -->","yoast_head_json":{"title":"Especificaciones Militares, Laminados de L\u00e1mina de Barrera","description":"3D Barrier Bags, Inc. \u2122 tiene laminados de l\u00e1mina de barrera con especificaciones militares, que est\u00e1n aprobados seg\u00fan MIL-PRF-131K Clase 1. Nuestros productos se fabrican seg\u00fan las normas ISO 9001:2015.","robots":{"index":"index","follow":"follow","max-snippet":"max-snippet:-1","max-image-preview":"max-image-preview:large","max-video-preview":"max-video-preview:-1"},"canonical":"https:\/\/www.3dbarrierbags.com\/es\/servicios-de-contratacion-del-gobierno\/","og_locale":"es_ES","og_type":"article","og_title":"Especificaciones Militares, Laminados de L\u00e1mina de Barrera","og_description":"3D Barrier Bags, Inc. \u2122 tiene laminados de l\u00e1mina de barrera con especificaciones militares, que est\u00e1n aprobados seg\u00fan MIL-PRF-131K Clase 1. Nuestros productos se fabrican seg\u00fan las normas ISO 9001:2015.","og_url":"https:\/\/www.3dbarrierbags.com\/es\/servicios-de-contratacion-del-gobierno\/","og_site_name":"3D Barrier Bags, Inc","article_modified_time":"2024-12-18T20:03:54+00:00","og_image":[{"width":650,"height":430,"url":"https:\/\/www.3dbarrierbags.com\/wp-content\/uploads\/2022\/07\/ProductCompilation.png","type":"image\/png"}],"twitter_card":"summary_large_image","twitter_misc":{"Tiempo de lectura":"2 minutos"},"schema":{"@context":"https:\/\/schema.org","@graph":[{"@type":"WebPage","@id":"https:\/\/www.3dbarrierbags.com\/es\/servicios-de-contratacion-del-gobierno\/","url":"https:\/\/www.3dbarrierbags.com\/es\/servicios-de-contratacion-del-gobierno\/","name":"Especificaciones Militares, Laminados de L\u00e1mina de Barrera","isPartOf":{"@id":"https:\/\/www.3dbarrierbags.com\/es\/#website"},"primaryImageOfPage":{"@id":"https:\/\/www.3dbarrierbags.com\/es\/servicios-de-contratacion-del-gobierno\/#primaryimage"},"image":{"@id":"https:\/\/www.3dbarrierbags.com\/es\/servicios-de-contratacion-del-gobierno\/#primaryimage"},"thumbnailUrl":"https:\/\/www.3dbarrierbags.com\/wp-content\/uploads\/2022\/07\/ProductCompilation.png","datePublished":"2022-11-09T13:55:21+00:00","dateModified":"2024-12-18T20:03:54+00:00","description":"3D Barrier Bags, Inc. \u2122 tiene laminados de l\u00e1mina de barrera con especificaciones militares, que est\u00e1n aprobados seg\u00fan MIL-PRF-131K Clase 1. Nuestros productos se fabrican seg\u00fan las normas ISO 9001:2015.","breadcrumb":{"@id":"https:\/\/www.3dbarrierbags.com\/es\/servicios-de-contratacion-del-gobierno\/#breadcrumb"},"inLanguage":"es","potentialAction":[{"@type":"ReadAction","target":["https:\/\/www.3dbarrierbags.com\/es\/servicios-de-contratacion-del-gobierno\/"]}]},{"@type":"ImageObject","inLanguage":"es","@id":"https:\/\/www.3dbarrierbags.com\/es\/servicios-de-contratacion-del-gobierno\/#primaryimage","url":"https:\/\/www.3dbarrierbags.com\/wp-content\/uploads\/2022\/07\/ProductCompilation.png","contentUrl":"https:\/\/www.3dbarrierbags.com\/wp-content\/uploads\/2022\/07\/ProductCompilation.png"},{"@type":"BreadcrumbList","@id":"https:\/\/www.3dbarrierbags.com\/es\/servicios-de-contratacion-del-gobierno\/#breadcrumb","itemListElement":[{"@type":"ListItem","position":1,"name":"Home","item":"https:\/\/www.3dbarrierbags.com\/es\/"},{"@type":"ListItem","position":2,"name":"Servicios de Contrataci\u00f3n Gubernamental"}]},{"@type":"WebSite","@id":"https:\/\/www.3dbarrierbags.com\/es\/#website","url":"https:\/\/www.3dbarrierbags.com\/es\/","name":"3D Barrier Bags, Inc","description":"","publisher":{"@id":"https:\/\/www.3dbarrierbags.com\/es\/#organization"},"potentialAction":[{"@type":"SearchAction","target":{"@type":"EntryPoint","urlTemplate":"https:\/\/www.3dbarrierbags.com\/es\/?s={search_term_string}"},"query-input":{"@type":"PropertyValueSpecification","valueRequired":true,"valueName":"search_term_string"}}],"inLanguage":"es"},{"@type":"Organization","@id":"https:\/\/www.3dbarrierbags.com\/es\/#organization","name":"3D Barrier Bags","url":"https:\/\/www.3dbarrierbags.com\/es\/","logo":{"@type":"ImageObject","inLanguage":"es","@id":"https:\/\/www.3dbarrierbags.com\/es\/#\/schema\/logo\/image\/","url":"https:\/\/www.3dbarrierbags.com\/wp-content\/uploads\/2023\/01\/3d-og-img.jpg","contentUrl":"https:\/\/www.3dbarrierbags.com\/wp-content\/uploads\/2023\/01\/3d-og-img.jpg","width":1200,"height":630,"caption":"3D Barrier Bags"},"image":{"@id":"https:\/\/www.3dbarrierbags.com\/es\/#\/schema\/logo\/image\/"},"sameAs":["https:\/\/www.linkedin.com\/company\/3d-barrier-bags-inc\/mycompany"]}]}},"_links":{"self":[{"href":"https:\/\/www.3dbarrierbags.com\/es\/wp-json\/wp\/v2\/pages\/11692","targetHints":{"allow":["GET"]}}],"collection":[{"href":"https:\/\/www.3dbarrierbags.com\/es\/wp-json\/wp\/v2\/pages"}],"about":[{"href":"https:\/\/www.3dbarrierbags.com\/es\/wp-json\/wp\/v2\/types\/page"}],"author":[{"embeddable":true,"href":"https:\/\/www.3dbarrierbags.com\/es\/wp-json\/wp\/v2\/users\/1"}],"replies":[{"embeddable":true,"href":"https:\/\/www.3dbarrierbags.com\/es\/wp-json\/wp\/v2\/comments?post=11692"}],"version-history":[{"count":2,"href":"https:\/\/www.3dbarrierbags.com\/es\/wp-json\/wp\/v2\/pages\/11692\/revisions"}],"predecessor-version":[{"id":15177,"href":"https:\/\/www.3dbarrierbags.com\/es\/wp-json\/wp\/v2\/pages\/11692\/revisions\/15177"}],"wp:attachment":[{"href":"https:\/\/www.3dbarrierbags.com\/es\/wp-json\/wp\/v2\/media?parent=11692"}],"wp:term":[{"taxonomy":"industry","embeddable":true,"href":"https:\/\/www.3dbarrierbags.com\/es\/wp-json\/wp\/v2\/industry?post=11692"},{"taxonomy":"product","embeddable":true,"href":"https:\/\/www.3dbarrierbags.com\/es\/wp-json\/wp\/v2\/product?post=11692"}],"curies":[{"name":"wp","href":"https:\/\/api.w.org\/{rel}","templated":true}]}}