{"id":12630,"date":"2022-08-30T10:59:57","date_gmt":"2022-08-30T10:59:57","guid":{"rendered":"https:\/\/www.3dbarrierbags.com\/cookie-policy\/"},"modified":"2024-12-18T20:04:37","modified_gmt":"2024-12-18T20:04:37","slug":"cookie-policy","status":"publish","type":"page","link":"https:\/\/www.3dbarrierbags.com\/es\/cookie-policy\/","title":{"rendered":"Pol\u00edtica de Cookies"},"content":{"rendered":"\t\t<div data-elementor-type=\"wp-post\" data-elementor-id=\"12630\" class=\"elementor elementor-12630 elementor-5339\" data-elementor-post-type=\"page\">\n\t\t\t\t\t\t<section class=\"elementor-section elementor-top-section elementor-element elementor-element-10b3474 elementor-section-boxed elementor-section-height-default elementor-section-height-default\" data-id=\"10b3474\" data-element_type=\"section\" data-e-type=\"section\" data-settings=\"{&quot;background_background&quot;:&quot;classic&quot;}\">\n\t\t\t\t\t\t<div class=\"elementor-container elementor-column-gap-default\">\n\t\t\t\t\t<div class=\"elementor-column elementor-col-100 elementor-top-column elementor-element elementor-element-988c61c elementor-invisible\" data-id=\"988c61c\" data-element_type=\"column\" data-e-type=\"column\" data-settings=\"{&quot;animation&quot;:&quot;fadeIn&quot;,&quot;animation_delay&quot;:200}\">\n\t\t\t<div class=\"elementor-widget-wrap elementor-element-populated\">\n\t\t\t\t\t\t<div class=\"elementor-element elementor-element-8325e60 elementor-widget elementor-widget-heading\" data-id=\"8325e60\" data-element_type=\"widget\" data-e-type=\"widget\" data-widget_type=\"heading.default\">\n\t\t\t\t\t<h2 class=\"elementor-heading-title elementor-size-default elementor-heading-title\">\u00bfQu\u00e9 son las cookies?<\/h2>\t\t\t\t<\/div>\n\t\t\t\t<div class=\"elementor-element elementor-element-dbf1268 elementor-widget elementor-widget-text-editor\" data-id=\"dbf1268\" data-element_type=\"widget\" data-e-type=\"widget\" data-widget_type=\"text-editor.default\">\n\t\t\t\t\t\t\t\t\t<p>Las cookies son peque\u00f1os fragmentos de datos almacenados en la computadora del usuario por el navegador web mientras navega por nuestro sitio web. Contienen informaci\u00f3n an\u00f3nima para registrar la actividad de navegaci\u00f3n del usuario y para que los sitios web funcionen de manera eficiente.<\/p>\n\t\t\t\t\t\t\t\t<\/div>\n\t\t\t\t<div class=\"elementor-element elementor-element-8926adb elementor-widget elementor-widget-heading\" data-id=\"8926adb\" data-element_type=\"widget\" data-e-type=\"widget\" data-widget_type=\"heading.default\">\n\t\t\t\t\t<h3 class=\"elementor-heading-title elementor-size-default elementor-heading-title\">Tipos de Cookies<\/h3>\t\t\t\t<\/div>\n\t\t\t\t<div class=\"elementor-element elementor-element-e04002d elementor-widget elementor-widget-text-editor\" data-id=\"e04002d\" data-element_type=\"widget\" data-e-type=\"widget\" data-widget_type=\"text-editor.default\">\n\t\t\t\t\t\t\t\t\t<p><strong>Cookies necesarias<\/strong><\/p>\n<p>Las cookies necesarias permiten ofrecer la mejor experiencia posible al visitar y navegar por el sitio web y utilizar sus funciones. Las cookies, por ejemplo, nos permiten reconocer que complet\u00f3 el formulario de &#8220;Cont\u00e1ctenos&#8221; en una p\u00e1gina espec\u00edfica de nuestro sitio web. Estas cookies suelen ser cookies de sesi\u00f3n que solo duran durante su visita a nuestro sitio.<\/p>\n<p><strong>Cookies de funcionalidad<\/strong><\/p>\n<p>Las cookies de funcionalidad permiten recordar sus preferencias para mejorar la experiencia del usuario.<\/p>\n<p><strong>Cookies anal\u00edticas<\/strong><\/p>\n<p>Estas cookies nos permiten, as\u00ed como a servicios de terceros como Google Analytics, Google Ads y Google Tag Manager, recopilar datos con fines estad\u00edsticos sobre c\u00f3mo los visitantes navegan por nuestro sitio web. Estas cookies no contienen informaci\u00f3n personal, como nombres y direcciones de correo electr\u00f3nico, y se utilizan para ayudarnos a mejorar su experiencia de usuario en el sitio web.<\/p>\n<p><strong>Cookies de marketing<\/strong><\/p>\n<p>Estas cookies ayudan a personalizar los anuncios para llegar a un p\u00fablico objetivo. La informaci\u00f3n recopilada se refiere a sus intereses mientras visita nuestros sitios. No utilizamos esta informaci\u00f3n en relaci\u00f3n con ning\u00fan detalle personal que nos haya proporcionado.<\/p>\n\t\t\t\t\t\t\t\t<\/div>\n\t\t\t\t<div class=\"elementor-element elementor-element-7cc471d elementor-widget elementor-widget-heading\" data-id=\"7cc471d\" data-element_type=\"widget\" data-e-type=\"widget\" data-widget_type=\"heading.default\">\n\t\t\t\t\t<h3 class=\"elementor-heading-title elementor-size-default elementor-heading-title\">Desactivar las Cookies<\/h3>\t\t\t\t<\/div>\n\t\t\t\t<div class=\"elementor-element elementor-element-296a9fa elementor-widget elementor-widget-text-editor\" data-id=\"296a9fa\" data-element_type=\"widget\" data-e-type=\"widget\" data-widget_type=\"text-editor.default\">\n\t\t\t\t\t\t\t\t\t<p>Desactivar o restringir las cookies se puede hacer a trav\u00e9s de la configuraci\u00f3n de su navegador. Alternativamente, puede visitar <a href=\"http:\/\/www.internetcookies.org\/\" target=\"_new\">www.internetcookies.org<\/a>, que contiene informaci\u00f3n completa sobre c\u00f3mo hacerlo en una amplia variedad de navegadores y dispositivos.<\/p>\n\t\t\t\t\t\t\t\t<\/div>\n\t\t\t\t<div class=\"elementor-element elementor-element-b868407 elementor-widget elementor-widget-heading\" data-id=\"b868407\" data-element_type=\"widget\" data-e-type=\"widget\" data-widget_type=\"heading.default\">\n\t\t\t\t\t<h3 class=\"elementor-heading-title elementor-size-default elementor-heading-title\">Contact\u00e1ndonos<\/h3>\t\t\t\t<\/div>\n\t\t\t\t<div class=\"elementor-element elementor-element-f2374cf elementor-widget elementor-widget-text-editor\" data-id=\"f2374cf\" data-element_type=\"widget\" data-e-type=\"widget\" data-widget_type=\"text-editor.default\">\n\t\t\t\t\t\t\t\t\t<p>Si tiene alguna pregunta sobre esta pol\u00edtica o nuestro uso de cookies, por favor cont\u00e1ctenos.<\/p>\n<p><strong>Email: <\/strong><a href=\"mailto:info@3dbarrierbags.com\">info@3dbarrierbags.com<\/a><\/p>\n<p><strong>Tel: <a href=\"tel:407-270-9822\">407-270-9822<\/a><\/strong><\/p>\n\t\t\t\t\t\t\t\t<\/div>\n\t\t\t\t\t<\/div>\n\t\t<\/div>\n\t\t\t\t\t<\/div>\n\t\t<\/section>\n\t\t\t\t<\/div>\n\t\t","protected":false},"excerpt":{"rendered":"<p>\u00bfQu\u00e9 son las cookies? Las cookies son peque\u00f1os fragmentos de datos almacenados en la computadora del usuario por&#8230;<\/p>\n","protected":false},"author":1,"featured_media":0,"parent":0,"menu_order":0,"comment_status":"closed","ping_status":"closed","template":"elementor_header_footer","meta":{"_acf_changed":false,"content-type":"","footnotes":""},"industry":[],"product":[],"class_list":["post-12630","page","type-page","status-publish","hentry"],"acf":[],"yoast_head":"<!-- This site is optimized with the Yoast SEO plugin v27.4 - https:\/\/yoast.com\/product\/yoast-seo-wordpress\/ -->\n<title>Pol\u00edtica de Cookies - 3D Barrier Bags, Inc \u2122<\/title>\n<meta name=\"robots\" content=\"index, follow, max-snippet:-1, max-image-preview:large, max-video-preview:-1\" \/>\n<link rel=\"canonical\" href=\"https:\/\/www.3dbarrierbags.com\/es\/cookie-policy\/\" \/>\n<meta property=\"og:locale\" content=\"es_ES\" \/>\n<meta property=\"og:type\" content=\"article\" \/>\n<meta property=\"og:title\" content=\"Pol\u00edtica de Cookies - 3D Barrier Bags, Inc \u2122\" \/>\n<meta property=\"og:description\" content=\"\u00bfQu\u00e9 son las cookies? Las cookies son peque\u00f1os fragmentos de datos almacenados en la computadora del usuario por...\" \/>\n<meta property=\"og:url\" content=\"https:\/\/www.3dbarrierbags.com\/es\/cookie-policy\/\" \/>\n<meta property=\"og:site_name\" content=\"3D Barrier Bags, Inc\" \/>\n<meta property=\"article:modified_time\" content=\"2024-12-18T20:04:37+00:00\" \/>\n<meta name=\"twitter:card\" content=\"summary_large_image\" \/>\n<meta name=\"twitter:label1\" content=\"Tiempo de lectura\" \/>\n\t<meta name=\"twitter:data1\" content=\"2 minutos\" \/>\n<script type=\"application\/ld+json\" class=\"yoast-schema-graph\">{\"@context\":\"https:\\\/\\\/schema.org\",\"@graph\":[{\"@type\":\"WebPage\",\"@id\":\"https:\\\/\\\/www.3dbarrierbags.com\\\/es\\\/cookie-policy\\\/\",\"url\":\"https:\\\/\\\/www.3dbarrierbags.com\\\/es\\\/cookie-policy\\\/\",\"name\":\"Pol\u00edtica de Cookies - 3D Barrier Bags, Inc \u2122\",\"isPartOf\":{\"@id\":\"https:\\\/\\\/www.3dbarrierbags.com\\\/es\\\/#website\"},\"datePublished\":\"2022-08-30T10:59:57+00:00\",\"dateModified\":\"2024-12-18T20:04:37+00:00\",\"breadcrumb\":{\"@id\":\"https:\\\/\\\/www.3dbarrierbags.com\\\/es\\\/cookie-policy\\\/#breadcrumb\"},\"inLanguage\":\"es\",\"potentialAction\":[{\"@type\":\"ReadAction\",\"target\":[\"https:\\\/\\\/www.3dbarrierbags.com\\\/es\\\/cookie-policy\\\/\"]}]},{\"@type\":\"BreadcrumbList\",\"@id\":\"https:\\\/\\\/www.3dbarrierbags.com\\\/es\\\/cookie-policy\\\/#breadcrumb\",\"itemListElement\":[{\"@type\":\"ListItem\",\"position\":1,\"name\":\"Home\",\"item\":\"https:\\\/\\\/www.3dbarrierbags.com\\\/es\\\/\"},{\"@type\":\"ListItem\",\"position\":2,\"name\":\"Pol\u00edtica de Cookies\"}]},{\"@type\":\"WebSite\",\"@id\":\"https:\\\/\\\/www.3dbarrierbags.com\\\/es\\\/#website\",\"url\":\"https:\\\/\\\/www.3dbarrierbags.com\\\/es\\\/\",\"name\":\"3D Barrier Bags, Inc\",\"description\":\"\",\"publisher\":{\"@id\":\"https:\\\/\\\/www.3dbarrierbags.com\\\/es\\\/#organization\"},\"potentialAction\":[{\"@type\":\"SearchAction\",\"target\":{\"@type\":\"EntryPoint\",\"urlTemplate\":\"https:\\\/\\\/www.3dbarrierbags.com\\\/es\\\/?s={search_term_string}\"},\"query-input\":{\"@type\":\"PropertyValueSpecification\",\"valueRequired\":true,\"valueName\":\"search_term_string\"}}],\"inLanguage\":\"es\"},{\"@type\":\"Organization\",\"@id\":\"https:\\\/\\\/www.3dbarrierbags.com\\\/es\\\/#organization\",\"name\":\"3D Barrier Bags\",\"url\":\"https:\\\/\\\/www.3dbarrierbags.com\\\/es\\\/\",\"logo\":{\"@type\":\"ImageObject\",\"inLanguage\":\"es\",\"@id\":\"https:\\\/\\\/www.3dbarrierbags.com\\\/es\\\/#\\\/schema\\\/logo\\\/image\\\/\",\"url\":\"https:\\\/\\\/www.3dbarrierbags.com\\\/wp-content\\\/uploads\\\/2023\\\/01\\\/3d-og-img.jpg\",\"contentUrl\":\"https:\\\/\\\/www.3dbarrierbags.com\\\/wp-content\\\/uploads\\\/2023\\\/01\\\/3d-og-img.jpg\",\"width\":1200,\"height\":630,\"caption\":\"3D Barrier Bags\"},\"image\":{\"@id\":\"https:\\\/\\\/www.3dbarrierbags.com\\\/es\\\/#\\\/schema\\\/logo\\\/image\\\/\"},\"sameAs\":[\"https:\\\/\\\/www.linkedin.com\\\/company\\\/3d-barrier-bags-inc\\\/mycompany\"]}]}<\/script>\n<!-- \/ Yoast SEO plugin. -->","yoast_head_json":{"title":"Pol\u00edtica de Cookies - 3D Barrier Bags, Inc \u2122","robots":{"index":"index","follow":"follow","max-snippet":"max-snippet:-1","max-image-preview":"max-image-preview:large","max-video-preview":"max-video-preview:-1"},"canonical":"https:\/\/www.3dbarrierbags.com\/es\/cookie-policy\/","og_locale":"es_ES","og_type":"article","og_title":"Pol\u00edtica de Cookies - 3D Barrier Bags, Inc \u2122","og_description":"\u00bfQu\u00e9 son las cookies? Las cookies son peque\u00f1os fragmentos de datos almacenados en la computadora del usuario por...","og_url":"https:\/\/www.3dbarrierbags.com\/es\/cookie-policy\/","og_site_name":"3D Barrier Bags, Inc","article_modified_time":"2024-12-18T20:04:37+00:00","twitter_card":"summary_large_image","twitter_misc":{"Tiempo de lectura":"2 minutos"},"schema":{"@context":"https:\/\/schema.org","@graph":[{"@type":"WebPage","@id":"https:\/\/www.3dbarrierbags.com\/es\/cookie-policy\/","url":"https:\/\/www.3dbarrierbags.com\/es\/cookie-policy\/","name":"Pol\u00edtica de Cookies - 3D Barrier Bags, Inc \u2122","isPartOf":{"@id":"https:\/\/www.3dbarrierbags.com\/es\/#website"},"datePublished":"2022-08-30T10:59:57+00:00","dateModified":"2024-12-18T20:04:37+00:00","breadcrumb":{"@id":"https:\/\/www.3dbarrierbags.com\/es\/cookie-policy\/#breadcrumb"},"inLanguage":"es","potentialAction":[{"@type":"ReadAction","target":["https:\/\/www.3dbarrierbags.com\/es\/cookie-policy\/"]}]},{"@type":"BreadcrumbList","@id":"https:\/\/www.3dbarrierbags.com\/es\/cookie-policy\/#breadcrumb","itemListElement":[{"@type":"ListItem","position":1,"name":"Home","item":"https:\/\/www.3dbarrierbags.com\/es\/"},{"@type":"ListItem","position":2,"name":"Pol\u00edtica de Cookies"}]},{"@type":"WebSite","@id":"https:\/\/www.3dbarrierbags.com\/es\/#website","url":"https:\/\/www.3dbarrierbags.com\/es\/","name":"3D Barrier Bags, Inc","description":"","publisher":{"@id":"https:\/\/www.3dbarrierbags.com\/es\/#organization"},"potentialAction":[{"@type":"SearchAction","target":{"@type":"EntryPoint","urlTemplate":"https:\/\/www.3dbarrierbags.com\/es\/?s={search_term_string}"},"query-input":{"@type":"PropertyValueSpecification","valueRequired":true,"valueName":"search_term_string"}}],"inLanguage":"es"},{"@type":"Organization","@id":"https:\/\/www.3dbarrierbags.com\/es\/#organization","name":"3D Barrier Bags","url":"https:\/\/www.3dbarrierbags.com\/es\/","logo":{"@type":"ImageObject","inLanguage":"es","@id":"https:\/\/www.3dbarrierbags.com\/es\/#\/schema\/logo\/image\/","url":"https:\/\/www.3dbarrierbags.com\/wp-content\/uploads\/2023\/01\/3d-og-img.jpg","contentUrl":"https:\/\/www.3dbarrierbags.com\/wp-content\/uploads\/2023\/01\/3d-og-img.jpg","width":1200,"height":630,"caption":"3D Barrier Bags"},"image":{"@id":"https:\/\/www.3dbarrierbags.com\/es\/#\/schema\/logo\/image\/"},"sameAs":["https:\/\/www.linkedin.com\/company\/3d-barrier-bags-inc\/mycompany"]}]}},"_links":{"self":[{"href":"https:\/\/www.3dbarrierbags.com\/es\/wp-json\/wp\/v2\/pages\/12630","targetHints":{"allow":["GET"]}}],"collection":[{"href":"https:\/\/www.3dbarrierbags.com\/es\/wp-json\/wp\/v2\/pages"}],"about":[{"href":"https:\/\/www.3dbarrierbags.com\/es\/wp-json\/wp\/v2\/types\/page"}],"author":[{"embeddable":true,"href":"https:\/\/www.3dbarrierbags.com\/es\/wp-json\/wp\/v2\/users\/1"}],"replies":[{"embeddable":true,"href":"https:\/\/www.3dbarrierbags.com\/es\/wp-json\/wp\/v2\/comments?post=12630"}],"version-history":[{"count":6,"href":"https:\/\/www.3dbarrierbags.com\/es\/wp-json\/wp\/v2\/pages\/12630\/revisions"}],"predecessor-version":[{"id":15178,"href":"https:\/\/www.3dbarrierbags.com\/es\/wp-json\/wp\/v2\/pages\/12630\/revisions\/15178"}],"wp:attachment":[{"href":"https:\/\/www.3dbarrierbags.com\/es\/wp-json\/wp\/v2\/media?parent=12630"}],"wp:term":[{"taxonomy":"industry","embeddable":true,"href":"https:\/\/www.3dbarrierbags.com\/es\/wp-json\/wp\/v2\/industry?post=12630"},{"taxonomy":"product","embeddable":true,"href":"https:\/\/www.3dbarrierbags.com\/es\/wp-json\/wp\/v2\/product?post=12630"}],"curies":[{"name":"wp","href":"https:\/\/api.w.org\/{rel}","templated":true}]}}