{"id":7809,"date":"2018-07-28T16:07:17","date_gmt":"2018-07-28T16:07:17","guid":{"rendered":"https:\/\/www.3dbarrierbags.com\/sobre-nosotras\/"},"modified":"2024-12-18T19:18:38","modified_gmt":"2024-12-18T19:18:38","slug":"sobre-nosotras","status":"publish","type":"page","link":"https:\/\/www.3dbarrierbags.com\/es\/sobre-nosotras\/","title":{"rendered":"Sobre nosotras"},"content":{"rendered":"\t\t<div data-elementor-type=\"wp-post\" data-elementor-id=\"7809\" class=\"elementor elementor-7809 elementor-346\" data-elementor-post-type=\"page\">\n\t\t\t\t\t\t<section class=\"elementor-section elementor-top-section elementor-element elementor-element-10b3474 elementor-reverse-mobile elementor-section-boxed elementor-section-height-default elementor-section-height-default\" data-id=\"10b3474\" data-element_type=\"section\" data-e-type=\"section\" data-settings=\"{&quot;background_background&quot;:&quot;classic&quot;}\">\n\t\t\t\t\t\t<div class=\"elementor-container elementor-column-gap-default\">\n\t\t\t\t\t<div class=\"elementor-column elementor-col-50 elementor-top-column elementor-element elementor-element-988c61c elementor-invisible\" data-id=\"988c61c\" data-element_type=\"column\" data-e-type=\"column\" data-settings=\"{&quot;animation&quot;:&quot;fadeIn&quot;,&quot;animation_delay&quot;:200}\">\n\t\t\t<div class=\"elementor-widget-wrap elementor-element-populated\">\n\t\t\t\t\t\t<div class=\"elementor-element elementor-element-f0e87c2 elementor-invisible elementor-widget elementor-widget-heading\" data-id=\"f0e87c2\" data-element_type=\"widget\" data-e-type=\"widget\" data-settings=\"{&quot;_animation&quot;:&quot;fadeIn&quot;}\" data-widget_type=\"heading.default\">\n\t\t\t\t\t<h2 class=\"elementor-heading-title elementor-size-default elementor-heading-title elementor-align-after-left\">Bolsas de barrera 3D, Inc.\u2122<\/h2>\t\t\t\t<\/div>\n\t\t\t\t<div class=\"elementor-element elementor-element-9cdd897 elementor-widget elementor-widget-text-editor\" data-id=\"9cdd897\" data-element_type=\"widget\" data-e-type=\"widget\" data-widget_type=\"text-editor.default\">\n\t\t\t\t\t\t\t\t\t<p>Somos un fabricante acreditado por ISO 9001:2015 de bolsas y revestimientos de alta barrera personalizados con sede en Orlando, Florida.<\/p>\n<p>Especializados en el campo de la protecci\u00f3n de productos secos y la prevenci\u00f3n de la corrosi\u00f3n, ofrecemos soluciones de embalaje personalizadas para usted y su equipo. Respaldados por nuestros plazos de entrega l\u00edderes en la industria, hemos podido ampliar nuestra base de clientes para incluir algunas de las corporaciones m\u00e1s grandes del mundo.<\/p>\n<p>Ser parte del grupo Protective Packaging Ltd nos ha permitido convertirnos en la \u00fanica empresa en nuestro campo con capacidades de fabricaci\u00f3n en ambos lados del Atl\u00e1ntico, lo que nos permite satisfacer sus necesidades globales.<\/p>\n\t\t\t\t\t\t\t\t<\/div>\n\t\t\t\t\t<\/div>\n\t\t<\/div>\n\t\t\t\t<div class=\"elementor-column elementor-col-50 elementor-top-column elementor-element elementor-element-9f7d21a elementor-invisible\" data-id=\"9f7d21a\" data-element_type=\"column\" data-e-type=\"column\" data-settings=\"{&quot;animation&quot;:&quot;fadeIn&quot;}\">\n\t\t\t<div class=\"elementor-widget-wrap elementor-element-populated\">\n\t\t\t\t\t\t<div class=\"elementor-element elementor-element-f8f7423 elementor-widget elementor-widget-image\" data-id=\"f8f7423\" data-element_type=\"widget\" data-e-type=\"widget\" data-widget_type=\"image.default\">\n\t\t\t\t\t\t\t\t\t\t\t\t\t\t\t<img fetchpriority=\"high\" decoding=\"async\" width=\"650\" height=\"430\" src=\"https:\/\/www.3dbarrierbags.com\/wp-content\/uploads\/2022\/07\/ProductCompilation.png\" class=\"attachment-full size-full wp-image-6388\" alt=\"\" srcset=\"https:\/\/www.3dbarrierbags.com\/wp-content\/uploads\/2022\/07\/ProductCompilation.png 650w, https:\/\/www.3dbarrierbags.com\/wp-content\/uploads\/2022\/07\/ProductCompilation-300x198.png 300w, https:\/\/www.3dbarrierbags.com\/wp-content\/uploads\/2022\/07\/ProductCompilation-285x189.png 285w, https:\/\/www.3dbarrierbags.com\/wp-content\/uploads\/2022\/07\/ProductCompilation-150x99.png 150w\" sizes=\"(max-width: 650px) 100vw, 650px\" \/>\t\t\t\t\t\t\t\t\t\t\t\t\t\t\t<\/div>\n\t\t\t\t\t<\/div>\n\t\t<\/div>\n\t\t\t\t\t<\/div>\n\t\t<\/section>\n\t\t\t\t<section class=\"elementor-section elementor-top-section elementor-element elementor-element-593be8b elementor-section-boxed elementor-section-height-default elementor-section-height-default\" data-id=\"593be8b\" data-element_type=\"section\" data-e-type=\"section\" data-settings=\"{&quot;background_background&quot;:&quot;classic&quot;}\">\n\t\t\t\t\t\t<div class=\"elementor-container elementor-column-gap-default\">\n\t\t\t\t\t<div class=\"elementor-column elementor-col-50 elementor-top-column elementor-element elementor-element-92172df elementor-invisible\" data-id=\"92172df\" data-element_type=\"column\" data-e-type=\"column\" data-settings=\"{&quot;animation&quot;:&quot;fadeIn&quot;}\">\n\t\t\t<div class=\"elementor-widget-wrap elementor-element-populated\">\n\t\t\t\t\t\t<div class=\"elementor-element elementor-element-3bde926 elementor-widget elementor-widget-image\" data-id=\"3bde926\" data-element_type=\"widget\" data-e-type=\"widget\" data-widget_type=\"image.default\">\n\t\t\t\t\t\t\t\t\t\t\t\t\t\t\t<img decoding=\"async\" width=\"768\" height=\"734\" src=\"https:\/\/www.3dbarrierbags.com\/wp-content\/uploads\/2022\/07\/USA_W.V.T-768x734-1.png\" class=\"attachment-full size-full wp-image-6390\" alt=\"\" srcset=\"https:\/\/www.3dbarrierbags.com\/wp-content\/uploads\/2022\/07\/USA_W.V.T-768x734-1.png 768w, https:\/\/www.3dbarrierbags.com\/wp-content\/uploads\/2022\/07\/USA_W.V.T-768x734-1-300x287.png 300w, https:\/\/www.3dbarrierbags.com\/wp-content\/uploads\/2022\/07\/USA_W.V.T-768x734-1-285x272.png 285w, https:\/\/www.3dbarrierbags.com\/wp-content\/uploads\/2022\/07\/USA_W.V.T-768x734-1-660x631.png 660w, https:\/\/www.3dbarrierbags.com\/wp-content\/uploads\/2022\/07\/USA_W.V.T-768x734-1-150x143.png 150w\" sizes=\"(max-width: 768px) 100vw, 768px\" \/>\t\t\t\t\t\t\t\t\t\t\t\t\t\t\t<\/div>\n\t\t\t\t\t<\/div>\n\t\t<\/div>\n\t\t\t\t<div class=\"elementor-column elementor-col-50 elementor-top-column elementor-element elementor-element-bf361ba elementor-invisible\" data-id=\"bf361ba\" data-element_type=\"column\" data-e-type=\"column\" data-settings=\"{&quot;animation&quot;:&quot;fadeIn&quot;,&quot;animation_delay&quot;:200}\">\n\t\t\t<div class=\"elementor-widget-wrap elementor-element-populated\">\n\t\t\t\t\t\t<div class=\"elementor-element elementor-element-8a7a1c8 elementor-invisible elementor-widget elementor-widget-heading\" data-id=\"8a7a1c8\" data-element_type=\"widget\" data-e-type=\"widget\" data-settings=\"{&quot;_animation&quot;:&quot;fadeIn&quot;}\" data-widget_type=\"heading.default\">\n\t\t\t\t\t<h2 class=\"elementor-heading-title elementor-size-default elementor-heading-title elementor-align-after-left\">Papel de Barrera de Aluminio:<\/h2>\t\t\t\t<\/div>\n\t\t\t\t<div class=\"elementor-element elementor-element-98412fa elementor-widget elementor-widget-text-editor\" data-id=\"98412fa\" data-element_type=\"widget\" data-e-type=\"widget\" data-widget_type=\"text-editor.default\">\n\t\t\t\t\t\t\t\t\t<p>La l\u00e1mina de barrera de aluminio protege cualquier producto del deterioro debido a la humedad, la entrada de ox\u00edgeno, los rayos U.V. luz, temperaturas extremas, olores y mucho m\u00e1s.<\/p>\n<p>El rendimiento de los laminados de barrera de aluminio est\u00e1 determinado por su tasa de transmisi\u00f3n de vapor de humedad (W.V.T.R.), que a &lt;0,01 g\/m\u00b2\/24 h para el laminado en s\u00ed y menos de &lt;0,05 g\/m\u00b2\/24 h para el laminado convertido, es inferior a cualquier material de embalaje flexible conocido.<\/p>\n<p>En comparaci\u00f3n, el polietileno, con un espesor de 125 um, permite que el vapor de agua y los gases agresivos se difundan a una velocidad de hasta 4 g\/m\u00b2\/24 h, \u00a180 veces m\u00e1s r\u00e1pido!<\/p>\n<p>Dentro de una bolsa de papel de aluminio con barrera termosellada, se puede agregar una cantidad calculada de desecante para garantizar que la humedad relativa (HR) se mantenga muy por debajo del 40 %, el punto de partida de la corrosi\u00f3n. Una capa de aluminio de 25um incluso mejora estas cifras.<\/p>\n\t\t\t\t\t\t\t\t<\/div>\n\t\t\t\t\t<\/div>\n\t\t<\/div>\n\t\t\t\t\t<\/div>\n\t\t<\/section>\n\t\t\t\t<\/div>\n\t\t","protected":false},"excerpt":{"rendered":"<p>Bolsas de barrera 3D, Inc.\u2122 Somos un fabricante acreditado por ISO 9001:2015 de bolsas y revestimientos de alta&#8230;<\/p>\n","protected":false},"author":1,"featured_media":0,"parent":0,"menu_order":0,"comment_status":"closed","ping_status":"closed","template":"elementor_header_footer","meta":{"_acf_changed":false,"content-type":"","footnotes":""},"industry":[],"product":[],"class_list":["post-7809","page","type-page","status-publish","hentry"],"acf":[],"yoast_head":"<!-- This site is optimized with the Yoast SEO plugin v27.4 - https:\/\/yoast.com\/product\/yoast-seo-wordpress\/ -->\n<title>3D Barrier Bags Inc - Fabricaci\u00f3n de revestimientos de l\u00e1minas de barrera personalizados<\/title>\n<meta name=\"description\" content=\"Con sede en Orlando, Florida, nos especializamos en bolsas y revestimientos de barrera personalizados, con plazos de entrega l\u00edderes en la industria. \u00a1Cont\u00e1ctenos hoy!\" \/>\n<meta name=\"robots\" content=\"index, follow, max-snippet:-1, max-image-preview:large, max-video-preview:-1\" \/>\n<link rel=\"canonical\" href=\"https:\/\/www.3dbarrierbags.com\/es\/sobre-nosotras\/\" \/>\n<meta property=\"og:locale\" content=\"es_ES\" \/>\n<meta property=\"og:type\" content=\"article\" \/>\n<meta property=\"og:title\" content=\"3D Barrier Bags Inc - Fabricaci\u00f3n de revestimientos de l\u00e1minas de barrera personalizados\" \/>\n<meta property=\"og:description\" content=\"Con sede en Orlando, Florida, nos especializamos en bolsas y revestimientos de barrera personalizados, con plazos de entrega l\u00edderes en la industria. \u00a1Cont\u00e1ctenos hoy!\" \/>\n<meta property=\"og:url\" content=\"https:\/\/www.3dbarrierbags.com\/es\/sobre-nosotras\/\" \/>\n<meta property=\"og:site_name\" content=\"3D Barrier Bags, Inc\" \/>\n<meta property=\"article:modified_time\" content=\"2024-12-18T19:18:38+00:00\" \/>\n<meta property=\"og:image\" content=\"https:\/\/www.3dbarrierbags.com\/wp-content\/uploads\/2022\/07\/ProductCompilation.png\" \/>\n\t<meta property=\"og:image:width\" content=\"650\" \/>\n\t<meta property=\"og:image:height\" content=\"430\" \/>\n\t<meta property=\"og:image:type\" content=\"image\/png\" \/>\n<meta name=\"twitter:card\" content=\"summary_large_image\" \/>\n<meta name=\"twitter:label1\" content=\"Tiempo de lectura\" \/>\n\t<meta name=\"twitter:data1\" content=\"4 minutos\" \/>\n<script type=\"application\/ld+json\" class=\"yoast-schema-graph\">{\"@context\":\"https:\\\/\\\/schema.org\",\"@graph\":[{\"@type\":\"WebPage\",\"@id\":\"https:\\\/\\\/www.3dbarrierbags.com\\\/es\\\/sobre-nosotras\\\/\",\"url\":\"https:\\\/\\\/www.3dbarrierbags.com\\\/es\\\/sobre-nosotras\\\/\",\"name\":\"3D Barrier Bags Inc - Fabricaci\u00f3n de revestimientos de l\u00e1minas de barrera personalizados\",\"isPartOf\":{\"@id\":\"https:\\\/\\\/www.3dbarrierbags.com\\\/es\\\/#website\"},\"primaryImageOfPage\":{\"@id\":\"https:\\\/\\\/www.3dbarrierbags.com\\\/es\\\/sobre-nosotras\\\/#primaryimage\"},\"image\":{\"@id\":\"https:\\\/\\\/www.3dbarrierbags.com\\\/es\\\/sobre-nosotras\\\/#primaryimage\"},\"thumbnailUrl\":\"https:\\\/\\\/www.3dbarrierbags.com\\\/wp-content\\\/uploads\\\/2022\\\/07\\\/ProductCompilation.png\",\"datePublished\":\"2018-07-28T16:07:17+00:00\",\"dateModified\":\"2024-12-18T19:18:38+00:00\",\"description\":\"Con sede en Orlando, Florida, nos especializamos en bolsas y revestimientos de barrera personalizados, con plazos de entrega l\u00edderes en la industria. \u00a1Cont\u00e1ctenos hoy!\",\"breadcrumb\":{\"@id\":\"https:\\\/\\\/www.3dbarrierbags.com\\\/es\\\/sobre-nosotras\\\/#breadcrumb\"},\"inLanguage\":\"es\",\"potentialAction\":[{\"@type\":\"ReadAction\",\"target\":[\"https:\\\/\\\/www.3dbarrierbags.com\\\/es\\\/sobre-nosotras\\\/\"]}]},{\"@type\":\"ImageObject\",\"inLanguage\":\"es\",\"@id\":\"https:\\\/\\\/www.3dbarrierbags.com\\\/es\\\/sobre-nosotras\\\/#primaryimage\",\"url\":\"https:\\\/\\\/www.3dbarrierbags.com\\\/wp-content\\\/uploads\\\/2022\\\/07\\\/ProductCompilation.png\",\"contentUrl\":\"https:\\\/\\\/www.3dbarrierbags.com\\\/wp-content\\\/uploads\\\/2022\\\/07\\\/ProductCompilation.png\"},{\"@type\":\"BreadcrumbList\",\"@id\":\"https:\\\/\\\/www.3dbarrierbags.com\\\/es\\\/sobre-nosotras\\\/#breadcrumb\",\"itemListElement\":[{\"@type\":\"ListItem\",\"position\":1,\"name\":\"Home\",\"item\":\"https:\\\/\\\/www.3dbarrierbags.com\\\/es\\\/\"},{\"@type\":\"ListItem\",\"position\":2,\"name\":\"Sobre nosotras\"}]},{\"@type\":\"WebSite\",\"@id\":\"https:\\\/\\\/www.3dbarrierbags.com\\\/es\\\/#website\",\"url\":\"https:\\\/\\\/www.3dbarrierbags.com\\\/es\\\/\",\"name\":\"3D Barrier Bags, Inc\",\"description\":\"\",\"publisher\":{\"@id\":\"https:\\\/\\\/www.3dbarrierbags.com\\\/es\\\/#organization\"},\"potentialAction\":[{\"@type\":\"SearchAction\",\"target\":{\"@type\":\"EntryPoint\",\"urlTemplate\":\"https:\\\/\\\/www.3dbarrierbags.com\\\/es\\\/?s={search_term_string}\"},\"query-input\":{\"@type\":\"PropertyValueSpecification\",\"valueRequired\":true,\"valueName\":\"search_term_string\"}}],\"inLanguage\":\"es\"},{\"@type\":\"Organization\",\"@id\":\"https:\\\/\\\/www.3dbarrierbags.com\\\/es\\\/#organization\",\"name\":\"3D Barrier Bags\",\"url\":\"https:\\\/\\\/www.3dbarrierbags.com\\\/es\\\/\",\"logo\":{\"@type\":\"ImageObject\",\"inLanguage\":\"es\",\"@id\":\"https:\\\/\\\/www.3dbarrierbags.com\\\/es\\\/#\\\/schema\\\/logo\\\/image\\\/\",\"url\":\"https:\\\/\\\/www.3dbarrierbags.com\\\/wp-content\\\/uploads\\\/2023\\\/01\\\/3d-og-img.jpg\",\"contentUrl\":\"https:\\\/\\\/www.3dbarrierbags.com\\\/wp-content\\\/uploads\\\/2023\\\/01\\\/3d-og-img.jpg\",\"width\":1200,\"height\":630,\"caption\":\"3D Barrier Bags\"},\"image\":{\"@id\":\"https:\\\/\\\/www.3dbarrierbags.com\\\/es\\\/#\\\/schema\\\/logo\\\/image\\\/\"},\"sameAs\":[\"https:\\\/\\\/www.linkedin.com\\\/company\\\/3d-barrier-bags-inc\\\/mycompany\"]}]}<\/script>\n<!-- \/ Yoast SEO plugin. -->","yoast_head_json":{"title":"3D Barrier Bags Inc - Fabricaci\u00f3n de revestimientos de l\u00e1minas de barrera personalizados","description":"Con sede en Orlando, Florida, nos especializamos en bolsas y revestimientos de barrera personalizados, con plazos de entrega l\u00edderes en la industria. \u00a1Cont\u00e1ctenos hoy!","robots":{"index":"index","follow":"follow","max-snippet":"max-snippet:-1","max-image-preview":"max-image-preview:large","max-video-preview":"max-video-preview:-1"},"canonical":"https:\/\/www.3dbarrierbags.com\/es\/sobre-nosotras\/","og_locale":"es_ES","og_type":"article","og_title":"3D Barrier Bags Inc - Fabricaci\u00f3n de revestimientos de l\u00e1minas de barrera personalizados","og_description":"Con sede en Orlando, Florida, nos especializamos en bolsas y revestimientos de barrera personalizados, con plazos de entrega l\u00edderes en la industria. \u00a1Cont\u00e1ctenos hoy!","og_url":"https:\/\/www.3dbarrierbags.com\/es\/sobre-nosotras\/","og_site_name":"3D Barrier Bags, Inc","article_modified_time":"2024-12-18T19:18:38+00:00","og_image":[{"width":650,"height":430,"url":"https:\/\/www.3dbarrierbags.com\/wp-content\/uploads\/2022\/07\/ProductCompilation.png","type":"image\/png"}],"twitter_card":"summary_large_image","twitter_misc":{"Tiempo de lectura":"4 minutos"},"schema":{"@context":"https:\/\/schema.org","@graph":[{"@type":"WebPage","@id":"https:\/\/www.3dbarrierbags.com\/es\/sobre-nosotras\/","url":"https:\/\/www.3dbarrierbags.com\/es\/sobre-nosotras\/","name":"3D Barrier Bags Inc - Fabricaci\u00f3n de revestimientos de l\u00e1minas de barrera personalizados","isPartOf":{"@id":"https:\/\/www.3dbarrierbags.com\/es\/#website"},"primaryImageOfPage":{"@id":"https:\/\/www.3dbarrierbags.com\/es\/sobre-nosotras\/#primaryimage"},"image":{"@id":"https:\/\/www.3dbarrierbags.com\/es\/sobre-nosotras\/#primaryimage"},"thumbnailUrl":"https:\/\/www.3dbarrierbags.com\/wp-content\/uploads\/2022\/07\/ProductCompilation.png","datePublished":"2018-07-28T16:07:17+00:00","dateModified":"2024-12-18T19:18:38+00:00","description":"Con sede en Orlando, Florida, nos especializamos en bolsas y revestimientos de barrera personalizados, con plazos de entrega l\u00edderes en la industria. \u00a1Cont\u00e1ctenos hoy!","breadcrumb":{"@id":"https:\/\/www.3dbarrierbags.com\/es\/sobre-nosotras\/#breadcrumb"},"inLanguage":"es","potentialAction":[{"@type":"ReadAction","target":["https:\/\/www.3dbarrierbags.com\/es\/sobre-nosotras\/"]}]},{"@type":"ImageObject","inLanguage":"es","@id":"https:\/\/www.3dbarrierbags.com\/es\/sobre-nosotras\/#primaryimage","url":"https:\/\/www.3dbarrierbags.com\/wp-content\/uploads\/2022\/07\/ProductCompilation.png","contentUrl":"https:\/\/www.3dbarrierbags.com\/wp-content\/uploads\/2022\/07\/ProductCompilation.png"},{"@type":"BreadcrumbList","@id":"https:\/\/www.3dbarrierbags.com\/es\/sobre-nosotras\/#breadcrumb","itemListElement":[{"@type":"ListItem","position":1,"name":"Home","item":"https:\/\/www.3dbarrierbags.com\/es\/"},{"@type":"ListItem","position":2,"name":"Sobre nosotras"}]},{"@type":"WebSite","@id":"https:\/\/www.3dbarrierbags.com\/es\/#website","url":"https:\/\/www.3dbarrierbags.com\/es\/","name":"3D Barrier Bags, Inc","description":"","publisher":{"@id":"https:\/\/www.3dbarrierbags.com\/es\/#organization"},"potentialAction":[{"@type":"SearchAction","target":{"@type":"EntryPoint","urlTemplate":"https:\/\/www.3dbarrierbags.com\/es\/?s={search_term_string}"},"query-input":{"@type":"PropertyValueSpecification","valueRequired":true,"valueName":"search_term_string"}}],"inLanguage":"es"},{"@type":"Organization","@id":"https:\/\/www.3dbarrierbags.com\/es\/#organization","name":"3D Barrier Bags","url":"https:\/\/www.3dbarrierbags.com\/es\/","logo":{"@type":"ImageObject","inLanguage":"es","@id":"https:\/\/www.3dbarrierbags.com\/es\/#\/schema\/logo\/image\/","url":"https:\/\/www.3dbarrierbags.com\/wp-content\/uploads\/2023\/01\/3d-og-img.jpg","contentUrl":"https:\/\/www.3dbarrierbags.com\/wp-content\/uploads\/2023\/01\/3d-og-img.jpg","width":1200,"height":630,"caption":"3D Barrier Bags"},"image":{"@id":"https:\/\/www.3dbarrierbags.com\/es\/#\/schema\/logo\/image\/"},"sameAs":["https:\/\/www.linkedin.com\/company\/3d-barrier-bags-inc\/mycompany"]}]}},"_links":{"self":[{"href":"https:\/\/www.3dbarrierbags.com\/es\/wp-json\/wp\/v2\/pages\/7809","targetHints":{"allow":["GET"]}}],"collection":[{"href":"https:\/\/www.3dbarrierbags.com\/es\/wp-json\/wp\/v2\/pages"}],"about":[{"href":"https:\/\/www.3dbarrierbags.com\/es\/wp-json\/wp\/v2\/types\/page"}],"author":[{"embeddable":true,"href":"https:\/\/www.3dbarrierbags.com\/es\/wp-json\/wp\/v2\/users\/1"}],"replies":[{"embeddable":true,"href":"https:\/\/www.3dbarrierbags.com\/es\/wp-json\/wp\/v2\/comments?post=7809"}],"version-history":[{"count":12,"href":"https:\/\/www.3dbarrierbags.com\/es\/wp-json\/wp\/v2\/pages\/7809\/revisions"}],"predecessor-version":[{"id":15159,"href":"https:\/\/www.3dbarrierbags.com\/es\/wp-json\/wp\/v2\/pages\/7809\/revisions\/15159"}],"wp:attachment":[{"href":"https:\/\/www.3dbarrierbags.com\/es\/wp-json\/wp\/v2\/media?parent=7809"}],"wp:term":[{"taxonomy":"industry","embeddable":true,"href":"https:\/\/www.3dbarrierbags.com\/es\/wp-json\/wp\/v2\/industry?post=7809"},{"taxonomy":"product","embeddable":true,"href":"https:\/\/www.3dbarrierbags.com\/es\/wp-json\/wp\/v2\/product?post=7809"}],"curies":[{"name":"wp","href":"https:\/\/api.w.org\/{rel}","templated":true}]}}