{"id":7822,"date":"2022-08-09T10:40:58","date_gmt":"2022-08-09T10:40:58","guid":{"rendered":"https:\/\/www.3dbarrierbags.com\/sobre-nosotras\/descargas\/"},"modified":"2024-12-18T19:19:22","modified_gmt":"2024-12-18T19:19:22","slug":"descargas","status":"publish","type":"page","link":"https:\/\/www.3dbarrierbags.com\/es\/sobre-nosotras\/descargas\/","title":{"rendered":"Descargas"},"content":{"rendered":"\t\t<div data-elementor-type=\"wp-post\" data-elementor-id=\"7822\" class=\"elementor elementor-7822 elementor-3260\" data-elementor-post-type=\"page\">\n\t\t\t\t\t\t<section class=\"elementor-section elementor-top-section elementor-element elementor-element-2a1abdc elementor-section-boxed elementor-section-height-default elementor-section-height-default\" data-id=\"2a1abdc\" data-element_type=\"section\" data-e-type=\"section\" data-settings=\"{&quot;background_background&quot;:&quot;classic&quot;}\">\n\t\t\t\t\t\t<div class=\"elementor-container elementor-column-gap-default\">\n\t\t\t\t\t<div class=\"elementor-column elementor-col-100 elementor-top-column elementor-element elementor-element-17706d1\" data-id=\"17706d1\" data-element_type=\"column\" data-e-type=\"column\">\n\t\t\t<div class=\"elementor-widget-wrap elementor-element-populated\">\n\t\t\t\t\t\t<div class=\"elementor-element elementor-element-a818b4f elementor-widget elementor-widget-heading\" data-id=\"a818b4f\" data-element_type=\"widget\" data-e-type=\"widget\" data-widget_type=\"heading.default\">\n\t\t\t\t\t<h2 class=\"elementor-heading-title elementor-size-default elementor-heading-title\">Revise el archivo de descargas a continuaci\u00f3n y complete el formulario para obtener acceso al contenido deseado.<\/h2>\t\t\t\t<\/div>\n\t\t\t\t<div class=\"elementor-element elementor-element-7ad64f5 elementor-widget elementor-widget-text-editor\" data-id=\"7ad64f5\" data-element_type=\"widget\" data-e-type=\"widget\" id=\"form_sec\" data-widget_type=\"text-editor.default\">\n\t\t\t\t\t\t\t\t\t<script type=\"text\/javascript\">\n\/* <![CDATA[ *\/\nvar gform;gform||(document.addEventListener(\"gform_main_scripts_loaded\",function(){gform.scriptsLoaded=!0}),document.addEventListener(\"gform\/theme\/scripts_loaded\",function(){gform.themeScriptsLoaded=!0}),window.addEventListener(\"DOMContentLoaded\",function(){gform.domLoaded=!0}),gform={domLoaded:!1,scriptsLoaded:!1,themeScriptsLoaded:!1,isFormEditor:()=>\"function\"==typeof InitializeEditor,callIfLoaded:function(o){return!(!gform.domLoaded||!gform.scriptsLoaded||!gform.themeScriptsLoaded&&!gform.isFormEditor()||(gform.isFormEditor()&&console.warn(\"The use of gform.initializeOnLoaded() is deprecated in the form editor context and will be removed in Gravity Forms 3.1.\"),o(),0))},initializeOnLoaded:function(o){gform.callIfLoaded(o)||(document.addEventListener(\"gform_main_scripts_loaded\",()=>{gform.scriptsLoaded=!0,gform.callIfLoaded(o)}),document.addEventListener(\"gform\/theme\/scripts_loaded\",()=>{gform.themeScriptsLoaded=!0,gform.callIfLoaded(o)}),window.addEventListener(\"DOMContentLoaded\",()=>{gform.domLoaded=!0,gform.callIfLoaded(o)}))},hooks:{action:{},filter:{}},addAction:function(o,r,e,t){gform.addHook(\"action\",o,r,e,t)},addFilter:function(o,r,e,t){gform.addHook(\"filter\",o,r,e,t)},doAction:function(o){gform.doHook(\"action\",o,arguments)},applyFilters:function(o){return gform.doHook(\"filter\",o,arguments)},removeAction:function(o,r){gform.removeHook(\"action\",o,r)},removeFilter:function(o,r,e){gform.removeHook(\"filter\",o,r,e)},addHook:function(o,r,e,t,n){null==gform.hooks[o][r]&&(gform.hooks[o][r]=[]);var d=gform.hooks[o][r];null==n&&(n=r+\"_\"+d.length),gform.hooks[o][r].push({tag:n,callable:e,priority:t=null==t?10:t})},doHook:function(r,o,e){var t;if(e=Array.prototype.slice.call(e,1),null!=gform.hooks[r][o]&&((o=gform.hooks[r][o]).sort(function(o,r){return o.priority-r.priority}),o.forEach(function(o){\"function\"!=typeof(t=o.callable)&&(t=window[t]),\"action\"==r?t.apply(null,e):e[0]=t.apply(null,e)})),\"filter\"==r)return e[0]},removeHook:function(o,r,t,n){var e;null!=gform.hooks[o][r]&&(e=(e=gform.hooks[o][r]).filter(function(o,r,e){return!!(null!=n&&n!=o.tag||null!=t&&t!=o.priority)}),gform.hooks[o][r]=e)}});\n\/* ]]> *\/\n<\/script>\n\n                <div class='gf_browser_gecko gform_wrapper gform_legacy_markup_wrapper gform-theme--no-framework' data-form-theme='legacy' data-form-index='0' id='gform_wrapper_2' ><div id='gf_2' class='gform_anchor' tabindex='-1'><\/div><form method='post' enctype='multipart\/form-data' target='gform_ajax_frame_2' id='gform_2'  action='\/es\/wp-json\/wp\/v2\/pages\/7822#gf_2' data-formid='2' novalidate><div class='gf_invisible ginput_recaptchav3' data-sitekey='6Le2YwMmAAAAAAWAlRsNvVRKBavDXT-rTNpbCuYQ' data-tabindex='0'><input id=\"input_e2b319fd2e41264554e8d155ce5222e0\" class=\"gfield_recaptcha_response\" type=\"hidden\" name=\"input_e2b319fd2e41264554e8d155ce5222e0\" value=\"\"\/><\/div>\n                        <div class='gform-body gform_body'><ul id='gform_fields_2' class='gform_fields top_label form_sublabel_below description_below validation_below'><li id=\"field_2_8\" class=\"gfield gfield--type-select gf_left_half gfield_contains_required field_sublabel_below gfield--no-description field_description_below field_validation_below gfield_visibility_visible\"  ><label class='gfield_label gform-field-label' for='input_2_8'>Seleccionar tipo de descarga<span class=\"gfield_required\"><span class=\"gfield_required gfield_required_asterisk\">*<\/span><\/span><\/label><div class='ginput_container ginput_container_select'><select name='input_8' id='input_2_8' class='medium gfield_select'    aria-required=\"true\" aria-invalid=\"false\" ><option value='Descargar folleto' >Descargar folleto<\/option><option value='Capability Statement' >Capability Statement<\/option><option value='ISO 9001:2015 Certificate' >ISO 9001:2015 Certificate<\/option><\/select><\/div><\/li><li id=\"field_2_1\" class=\"gfield gfield--type-text gf_right_half gfield_contains_required field_sublabel_below gfield--no-description field_description_below field_validation_below gfield_visibility_visible\"  ><label class='gfield_label gform-field-label' for='input_2_1'>Su nombre<span class=\"gfield_required\"><span class=\"gfield_required gfield_required_asterisk\">*<\/span><\/span><\/label><div class='ginput_container ginput_container_text'><input name='input_1' id='input_2_1' type='text' value='' class='medium'     aria-required=\"true\" aria-invalid=\"false\"   \/><\/div><\/li><li id=\"field_2_3\" class=\"gfield gfield--type-email gf_left_half gfield_contains_required field_sublabel_below gfield--no-description field_description_below field_validation_below gfield_visibility_visible\"  ><label class='gfield_label gform-field-label' for='input_2_3'>Su email<span class=\"gfield_required\"><span class=\"gfield_required gfield_required_asterisk\">*<\/span><\/span><\/label><div class='ginput_container ginput_container_email'>\n                            <input name='input_3' id='input_2_3' type='email' value='' class='medium'    aria-required=\"true\" aria-invalid=\"false\"  \/>\n                        <\/div><\/li><li id=\"field_2_4\" class=\"gfield gfield--type-phone gf_right_half gfield_contains_required field_sublabel_below gfield--no-description field_description_below field_validation_below gfield_visibility_visible\"  ><label class='gfield_label gform-field-label' for='input_2_4'>Su tel\u00e9fono<span class=\"gfield_required\"><span class=\"gfield_required gfield_required_asterisk\">*<\/span><\/span><\/label><div class='ginput_container ginput_container_phone'><input name='input_4' id='input_2_4' type='tel' value='' class='medium'   aria-required=\"true\" aria-invalid=\"false\"   \/><\/div><\/li><li id=\"field_2_2\" class=\"gfield gfield--type-text gf_left_half gfield_contains_required field_sublabel_below gfield--no-description field_description_below field_validation_below gfield_visibility_visible\"  ><label class='gfield_label gform-field-label' for='input_2_2'>Su c\u00f3digo postal \/ c\u00f3digo postal<span class=\"gfield_required\"><span class=\"gfield_required gfield_required_asterisk\">*<\/span><\/span><\/label><div class='ginput_container ginput_container_text'><input name='input_2' id='input_2_2' type='text' value='' class='medium'     aria-required=\"true\" aria-invalid=\"false\"   \/><\/div><\/li><li id=\"field_2_5\" class=\"gfield gfield--type-text gf_right_half gfield_contains_required field_sublabel_below gfield--no-description field_description_below field_validation_below gfield_visibility_visible\"  ><label class='gfield_label gform-field-label' for='input_2_5'> Nombre de la empresa<span class=\"gfield_required\"><span class=\"gfield_required gfield_required_asterisk\">*<\/span><\/span><\/label><div class='ginput_container ginput_container_text'><input name='input_5' id='input_2_5' type='text' value='' class='medium'     aria-required=\"true\" aria-invalid=\"false\"   \/><\/div><\/li><li id=\"field_2_7\" class=\"gfield gfield--type-consent gfield--type-choice gfield--input-type-consent gfield_contains_required field_sublabel_below gfield--no-description field_description_below hidden_label field_validation_below gfield_visibility_visible\"  ><label class='gfield_label gform-field-label gfield_label_before_complex' >Consentir<span class=\"gfield_required\"><span class=\"gfield_required gfield_required_asterisk\">*<\/span><\/span><\/label><div class='ginput_container ginput_container_consent'><input name='input_7.1' id='input_2_7_1' type='checkbox' value='1'   aria-required=\"true\" aria-invalid=\"false\"   \/> <label class=\"gform-field-label gform-field-label--type-inline gfield_consent_label\" for='input_2_7_1' >Marque para confirmar que ha le\u00eddo y acepta nuestra Pol\u00edtica de privacidad y T\u00e9rminos de uso<span class=\"gfield_required gfield_required_asterisk\">*<\/span><\/label><input type='hidden' name='input_7.2' value='Marque para confirmar que ha le\u00eddo y acepta nuestra Pol\u00edtica de privacidad y T\u00e9rminos de uso' class='gform_hidden' \/><input type='hidden' name='input_7.3' value='2' class='gform_hidden' \/><\/div><\/li><\/ul><\/div>\n        <div class='gform-footer gform_footer top_label'> <input type='submit' id='gform_submit_button_2' class='gform_button button' onclick='gform.submission.handleButtonClick(this);' data-submission-type='submit' value='Enviar'  \/> <input type='hidden' name='gform_ajax' value='form_id=2&amp;title=&amp;description=&amp;tabindex=0&amp;theme=legacy&amp;styles=[]&amp;hash=3d8806fa3fd408fb5bf97d5aedb15bff' \/>\n            <input type='hidden' class='gform_hidden' name='gform_submission_method' data-js='gform_submission_method_2' value='iframe' \/>\n            <input type='hidden' class='gform_hidden' name='gform_theme' data-js='gform_theme_2' id='gform_theme_2' value='legacy' \/>\n            <input type='hidden' class='gform_hidden' name='gform_style_settings' data-js='gform_style_settings_2' id='gform_style_settings_2' value='[]' \/>\n            <input type='hidden' class='gform_hidden' name='is_submit_2' value='1' \/>\n            <input type='hidden' class='gform_hidden' name='gform_submit' value='2' \/>\n            \n            <input type='hidden' class='gform_hidden' name='gform_currency' data-currency='GBP' value='SDiNYbs6E\/P3qtLRM37vPAkVDQv4kl6Cp5Ec2tu8oeZ+l9xjQqoacYqpquY\/2hER859TR4WTJvf1CmjwlSHdEgEqQcMvG88Cc\/XIten+xBShC3I=' \/>\n            <input type='hidden' class='gform_hidden' name='gform_unique_id' value='' \/>\n            <input type='hidden' class='gform_hidden' name='state_2' value='WyJ7XCI3LjFcIjpcIjk3ZTE4NmI0YmI1YTZkOTkyOTkxYzhiOWZkYWJlMDA1XCIsXCI3LjJcIjpcImE4YmM0ZTc4MjMxODk1ZDU3ZmJkM2Y2OGZlOTBhNTdiXCIsXCI3LjNcIjpcIjM4YTI3MWI5ZWE1YzUyOGVkYWM3NGM2ZGMxNDNkMTMxXCJ9IiwiNTlmYjVlYTQ3ZTkxNjU0ZjgzZGY2YTRmMjg5Nzk3MDQiXQ==' \/>\n            <input type='hidden' autocomplete='off' class='gform_hidden' name='gform_target_page_number_2' id='gform_target_page_number_2' value='0' \/>\n            <input type='hidden' autocomplete='off' class='gform_hidden' name='gform_source_page_number_2' id='gform_source_page_number_2' value='1' \/>\n            <input type='hidden' name='gform_field_values' value='' \/>\n            \n        <\/div>\n                        <\/form>\n                        <\/div>\n\t\t                <iframe style='display:none;width:0px;height:0px;' src='about:blank' name='gform_ajax_frame_2' id='gform_ajax_frame_2' title='Este iframe contiene la l\u00f3gica necesaria para gestionar formularios con ajax activado.'><\/iframe>\n\t\t                <script type=\"text\/javascript\">\n\/* <![CDATA[ *\/\n gform.initializeOnLoaded( function() {gformInitSpinner( 2, 'https:\/\/www.3dbarrierbags.com\/wp-content\/plugins\/gravityforms\/images\/spinner.svg', true );jQuery('#gform_ajax_frame_2').on('load',function(){var contents = jQuery(this).contents().find('*').html();var is_postback = contents.indexOf('GF_AJAX_POSTBACK') >= 0;if(!is_postback){return;}var form_content = jQuery(this).contents().find('#gform_wrapper_2');var is_confirmation = jQuery(this).contents().find('#gform_confirmation_wrapper_2').length > 0;var is_redirect = contents.indexOf('gformRedirect(){') >= 0;var is_form = form_content.length > 0 && ! is_redirect && ! is_confirmation;var mt = parseInt(jQuery('html').css('margin-top'), 10) + parseInt(jQuery('body').css('margin-top'), 10) + 100;if(is_form){jQuery('#gform_wrapper_2').html(form_content.html());if(form_content.hasClass('gform_validation_error')){jQuery('#gform_wrapper_2').addClass('gform_validation_error');} else {jQuery('#gform_wrapper_2').removeClass('gform_validation_error');}setTimeout( function() { \/* delay the scroll by 50 milliseconds to fix a bug in chrome *\/ jQuery(document).scrollTop(jQuery('#gform_wrapper_2').offset().top - mt); }, 50 );if(window['gformInitDatepicker']) {gformInitDatepicker();}if(window['gformInitPriceFields']) {gformInitPriceFields();}var current_page = jQuery('#gform_source_page_number_2').val();gformInitSpinner( 2, 'https:\/\/www.3dbarrierbags.com\/wp-content\/plugins\/gravityforms\/images\/spinner.svg', true );jQuery(document).trigger('gform_page_loaded', [2, current_page]);window['gf_submitting_2'] = false;}else if(!is_redirect){var confirmation_content = jQuery(this).contents().find('.GF_AJAX_POSTBACK').html();if(!confirmation_content){confirmation_content = contents;}jQuery('#gform_wrapper_2').replaceWith(confirmation_content);jQuery(document).scrollTop(jQuery('#gf_2').offset().top - mt);jQuery(document).trigger('gform_confirmation_loaded', [2]);window['gf_submitting_2'] = false;wp.a11y.speak(jQuery('#gform_confirmation_message_2').text());}else{jQuery('#gform_2').append(contents);if(window['gformRedirect']) {gformRedirect();}}jQuery(document).trigger(\"gform_pre_post_render\", [{ formId: \"2\", currentPage: \"current_page\", abort: function() { this.preventDefault(); } }]);        if (event && event.defaultPrevented) {                return;        }        const gformWrapperDiv = document.getElementById( \"gform_wrapper_2\" );        if ( gformWrapperDiv ) {            const visibilitySpan = document.createElement( \"span\" );            visibilitySpan.id = \"gform_visibility_test_2\";            gformWrapperDiv.insertAdjacentElement( \"afterend\", visibilitySpan );        }        const visibilityTestDiv = document.getElementById( \"gform_visibility_test_2\" );        let postRenderFired = false;        function triggerPostRender() {            if ( postRenderFired ) {                return;            }            postRenderFired = true;            gform.core.triggerPostRenderEvents( 2, current_page );            if ( visibilityTestDiv ) {                visibilityTestDiv.parentNode.removeChild( visibilityTestDiv );            }        }        function debounce( func, wait, immediate ) {            var timeout;            return function() {                var context = this, args = arguments;                var later = function() {                    timeout = null;                    if ( !immediate ) func.apply( context, args );                };                var callNow = immediate && !timeout;                clearTimeout( timeout );                timeout = setTimeout( later, wait );                if ( callNow ) func.apply( context, args );            };        }        const debouncedTriggerPostRender = debounce( function() {            triggerPostRender();        }, 200 );        if ( visibilityTestDiv && visibilityTestDiv.offsetParent === null ) {            const observer = new MutationObserver( ( mutations ) => {                mutations.forEach( ( mutation ) => {                    if ( mutation.type === 'attributes' && visibilityTestDiv.offsetParent !== null ) {                        debouncedTriggerPostRender();                        observer.disconnect();                    }                });            });            observer.observe( document.body, {                attributes: true,                childList: false,                subtree: true,                attributeFilter: [ 'style', 'class' ],            });        } else {            triggerPostRender();        }    } );} ); \n\/* ]]> *\/\n<\/script>\n\n\t\t\t\t\t\t\t\t<\/div>\n\t\t\t\t\t<\/div>\n\t\t<\/div>\n\t\t\t\t\t<\/div>\n\t\t<\/section>\n\t\t\t\t<\/div>\n\t\t","protected":false},"excerpt":{"rendered":"<p>Revise el archivo de descargas a continuaci\u00f3n y complete el formulario para obtener acceso al contenido deseado.<\/p>\n","protected":false},"author":1,"featured_media":0,"parent":7809,"menu_order":0,"comment_status":"closed","ping_status":"closed","template":"elementor_header_footer","meta":{"_acf_changed":false,"content-type":"","footnotes":""},"industry":[],"product":[],"class_list":["post-7822","page","type-page","status-publish","hentry"],"acf":[],"yoast_head":"<!-- This site is optimized with the Yoast SEO plugin v27.4 - https:\/\/yoast.com\/product\/yoast-seo-wordpress\/ -->\n<title>Descargas de Folletos<\/title>\n<meta name=\"description\" content=\"Descargue nuestro folleto hoy y vea la diferencia de 3D Barrier Bags, Inc.\u2122\" \/>\n<meta name=\"robots\" content=\"index, follow, max-snippet:-1, max-image-preview:large, max-video-preview:-1\" \/>\n<link rel=\"canonical\" href=\"https:\/\/www.3dbarrierbags.com\/es\/sobre-nosotras\/descargas\/\" \/>\n<meta property=\"og:locale\" content=\"es_ES\" \/>\n<meta property=\"og:type\" content=\"article\" \/>\n<meta property=\"og:title\" content=\"Descargas de Folletos\" \/>\n<meta property=\"og:description\" content=\"Descargue nuestro folleto hoy y vea la diferencia de 3D Barrier Bags, Inc.\u2122\" \/>\n<meta property=\"og:url\" content=\"https:\/\/www.3dbarrierbags.com\/es\/sobre-nosotras\/descargas\/\" \/>\n<meta property=\"og:site_name\" content=\"3D Barrier Bags, Inc\" \/>\n<meta property=\"article:modified_time\" content=\"2024-12-18T19:19:22+00:00\" \/>\n<meta name=\"twitter:card\" content=\"summary_large_image\" \/>\n<script type=\"application\/ld+json\" class=\"yoast-schema-graph\">{\"@context\":\"https:\\\/\\\/schema.org\",\"@graph\":[{\"@type\":\"WebPage\",\"@id\":\"https:\\\/\\\/www.3dbarrierbags.com\\\/es\\\/sobre-nosotras\\\/descargas\\\/\",\"url\":\"https:\\\/\\\/www.3dbarrierbags.com\\\/es\\\/sobre-nosotras\\\/descargas\\\/\",\"name\":\"Descargas de Folletos\",\"isPartOf\":{\"@id\":\"https:\\\/\\\/www.3dbarrierbags.com\\\/es\\\/#website\"},\"datePublished\":\"2022-08-09T10:40:58+00:00\",\"dateModified\":\"2024-12-18T19:19:22+00:00\",\"description\":\"Descargue nuestro folleto hoy y vea la diferencia de 3D Barrier Bags, Inc.\u2122\",\"breadcrumb\":{\"@id\":\"https:\\\/\\\/www.3dbarrierbags.com\\\/es\\\/sobre-nosotras\\\/descargas\\\/#breadcrumb\"},\"inLanguage\":\"es\",\"potentialAction\":[{\"@type\":\"ReadAction\",\"target\":[\"https:\\\/\\\/www.3dbarrierbags.com\\\/es\\\/sobre-nosotras\\\/descargas\\\/\"]}]},{\"@type\":\"BreadcrumbList\",\"@id\":\"https:\\\/\\\/www.3dbarrierbags.com\\\/es\\\/sobre-nosotras\\\/descargas\\\/#breadcrumb\",\"itemListElement\":[{\"@type\":\"ListItem\",\"position\":1,\"name\":\"Home\",\"item\":\"https:\\\/\\\/www.3dbarrierbags.com\\\/es\\\/\"},{\"@type\":\"ListItem\",\"position\":2,\"name\":\"Sobre nosotras\",\"item\":\"https:\\\/\\\/www.3dbarrierbags.com\\\/es\\\/about\\\/\"},{\"@type\":\"ListItem\",\"position\":3,\"name\":\"Descargas\"}]},{\"@type\":\"WebSite\",\"@id\":\"https:\\\/\\\/www.3dbarrierbags.com\\\/es\\\/#website\",\"url\":\"https:\\\/\\\/www.3dbarrierbags.com\\\/es\\\/\",\"name\":\"3D Barrier Bags, Inc\",\"description\":\"\",\"publisher\":{\"@id\":\"https:\\\/\\\/www.3dbarrierbags.com\\\/es\\\/#organization\"},\"potentialAction\":[{\"@type\":\"SearchAction\",\"target\":{\"@type\":\"EntryPoint\",\"urlTemplate\":\"https:\\\/\\\/www.3dbarrierbags.com\\\/es\\\/?s={search_term_string}\"},\"query-input\":{\"@type\":\"PropertyValueSpecification\",\"valueRequired\":true,\"valueName\":\"search_term_string\"}}],\"inLanguage\":\"es\"},{\"@type\":\"Organization\",\"@id\":\"https:\\\/\\\/www.3dbarrierbags.com\\\/es\\\/#organization\",\"name\":\"3D Barrier Bags\",\"url\":\"https:\\\/\\\/www.3dbarrierbags.com\\\/es\\\/\",\"logo\":{\"@type\":\"ImageObject\",\"inLanguage\":\"es\",\"@id\":\"https:\\\/\\\/www.3dbarrierbags.com\\\/es\\\/#\\\/schema\\\/logo\\\/image\\\/\",\"url\":\"https:\\\/\\\/www.3dbarrierbags.com\\\/wp-content\\\/uploads\\\/2023\\\/01\\\/3d-og-img.jpg\",\"contentUrl\":\"https:\\\/\\\/www.3dbarrierbags.com\\\/wp-content\\\/uploads\\\/2023\\\/01\\\/3d-og-img.jpg\",\"width\":1200,\"height\":630,\"caption\":\"3D Barrier Bags\"},\"image\":{\"@id\":\"https:\\\/\\\/www.3dbarrierbags.com\\\/es\\\/#\\\/schema\\\/logo\\\/image\\\/\"},\"sameAs\":[\"https:\\\/\\\/www.linkedin.com\\\/company\\\/3d-barrier-bags-inc\\\/mycompany\"]}]}<\/script>\n<!-- \/ Yoast SEO plugin. -->","yoast_head_json":{"title":"Descargas de Folletos","description":"Descargue nuestro folleto hoy y vea la diferencia de 3D Barrier Bags, Inc.\u2122","robots":{"index":"index","follow":"follow","max-snippet":"max-snippet:-1","max-image-preview":"max-image-preview:large","max-video-preview":"max-video-preview:-1"},"canonical":"https:\/\/www.3dbarrierbags.com\/es\/sobre-nosotras\/descargas\/","og_locale":"es_ES","og_type":"article","og_title":"Descargas de Folletos","og_description":"Descargue nuestro folleto hoy y vea la diferencia de 3D Barrier Bags, Inc.\u2122","og_url":"https:\/\/www.3dbarrierbags.com\/es\/sobre-nosotras\/descargas\/","og_site_name":"3D Barrier Bags, Inc","article_modified_time":"2024-12-18T19:19:22+00:00","twitter_card":"summary_large_image","schema":{"@context":"https:\/\/schema.org","@graph":[{"@type":"WebPage","@id":"https:\/\/www.3dbarrierbags.com\/es\/sobre-nosotras\/descargas\/","url":"https:\/\/www.3dbarrierbags.com\/es\/sobre-nosotras\/descargas\/","name":"Descargas de Folletos","isPartOf":{"@id":"https:\/\/www.3dbarrierbags.com\/es\/#website"},"datePublished":"2022-08-09T10:40:58+00:00","dateModified":"2024-12-18T19:19:22+00:00","description":"Descargue nuestro folleto hoy y vea la diferencia de 3D Barrier Bags, Inc.\u2122","breadcrumb":{"@id":"https:\/\/www.3dbarrierbags.com\/es\/sobre-nosotras\/descargas\/#breadcrumb"},"inLanguage":"es","potentialAction":[{"@type":"ReadAction","target":["https:\/\/www.3dbarrierbags.com\/es\/sobre-nosotras\/descargas\/"]}]},{"@type":"BreadcrumbList","@id":"https:\/\/www.3dbarrierbags.com\/es\/sobre-nosotras\/descargas\/#breadcrumb","itemListElement":[{"@type":"ListItem","position":1,"name":"Home","item":"https:\/\/www.3dbarrierbags.com\/es\/"},{"@type":"ListItem","position":2,"name":"Sobre nosotras","item":"https:\/\/www.3dbarrierbags.com\/es\/about\/"},{"@type":"ListItem","position":3,"name":"Descargas"}]},{"@type":"WebSite","@id":"https:\/\/www.3dbarrierbags.com\/es\/#website","url":"https:\/\/www.3dbarrierbags.com\/es\/","name":"3D Barrier Bags, Inc","description":"","publisher":{"@id":"https:\/\/www.3dbarrierbags.com\/es\/#organization"},"potentialAction":[{"@type":"SearchAction","target":{"@type":"EntryPoint","urlTemplate":"https:\/\/www.3dbarrierbags.com\/es\/?s={search_term_string}"},"query-input":{"@type":"PropertyValueSpecification","valueRequired":true,"valueName":"search_term_string"}}],"inLanguage":"es"},{"@type":"Organization","@id":"https:\/\/www.3dbarrierbags.com\/es\/#organization","name":"3D Barrier Bags","url":"https:\/\/www.3dbarrierbags.com\/es\/","logo":{"@type":"ImageObject","inLanguage":"es","@id":"https:\/\/www.3dbarrierbags.com\/es\/#\/schema\/logo\/image\/","url":"https:\/\/www.3dbarrierbags.com\/wp-content\/uploads\/2023\/01\/3d-og-img.jpg","contentUrl":"https:\/\/www.3dbarrierbags.com\/wp-content\/uploads\/2023\/01\/3d-og-img.jpg","width":1200,"height":630,"caption":"3D Barrier Bags"},"image":{"@id":"https:\/\/www.3dbarrierbags.com\/es\/#\/schema\/logo\/image\/"},"sameAs":["https:\/\/www.linkedin.com\/company\/3d-barrier-bags-inc\/mycompany"]}]}},"_links":{"self":[{"href":"https:\/\/www.3dbarrierbags.com\/es\/wp-json\/wp\/v2\/pages\/7822","targetHints":{"allow":["GET"]}}],"collection":[{"href":"https:\/\/www.3dbarrierbags.com\/es\/wp-json\/wp\/v2\/pages"}],"about":[{"href":"https:\/\/www.3dbarrierbags.com\/es\/wp-json\/wp\/v2\/types\/page"}],"author":[{"embeddable":true,"href":"https:\/\/www.3dbarrierbags.com\/es\/wp-json\/wp\/v2\/users\/1"}],"replies":[{"embeddable":true,"href":"https:\/\/www.3dbarrierbags.com\/es\/wp-json\/wp\/v2\/comments?post=7822"}],"version-history":[{"count":2,"href":"https:\/\/www.3dbarrierbags.com\/es\/wp-json\/wp\/v2\/pages\/7822\/revisions"}],"predecessor-version":[{"id":15160,"href":"https:\/\/www.3dbarrierbags.com\/es\/wp-json\/wp\/v2\/pages\/7822\/revisions\/15160"}],"up":[{"embeddable":true,"href":"https:\/\/www.3dbarrierbags.com\/es\/wp-json\/wp\/v2\/pages\/7809"}],"wp:attachment":[{"href":"https:\/\/www.3dbarrierbags.com\/es\/wp-json\/wp\/v2\/media?parent=7822"}],"wp:term":[{"taxonomy":"industry","embeddable":true,"href":"https:\/\/www.3dbarrierbags.com\/es\/wp-json\/wp\/v2\/industry?post=7822"},{"taxonomy":"product","embeddable":true,"href":"https:\/\/www.3dbarrierbags.com\/es\/wp-json\/wp\/v2\/product?post=7822"}],"curies":[{"name":"wp","href":"https:\/\/api.w.org\/{rel}","templated":true}]}}