{"id":9212,"date":"2022-08-18T10:59:37","date_gmt":"2022-08-18T10:59:37","guid":{"rendered":"https:\/\/www.3dbarrierbags.com\/carreras\/"},"modified":"2024-12-18T19:52:39","modified_gmt":"2024-12-18T19:52:39","slug":"carreras","status":"publish","type":"page","link":"https:\/\/www.3dbarrierbags.com\/es\/carreras\/","title":{"rendered":"Carreras"},"content":{"rendered":"\t\t<div data-elementor-type=\"wp-page\" data-elementor-id=\"9212\" class=\"elementor elementor-9212 elementor-5102\" data-elementor-post-type=\"page\">\n\t\t\t\t\t\t<section class=\"elementor-section elementor-top-section elementor-element elementor-element-4cbf92eb elementor-section-boxed elementor-section-height-default elementor-section-height-default\" data-id=\"4cbf92eb\" data-element_type=\"section\" data-e-type=\"section\">\n\t\t\t\t\t\t<div class=\"elementor-container elementor-column-gap-default\">\n\t\t\t\t\t<div class=\"elementor-column elementor-col-100 elementor-top-column elementor-element elementor-element-434b2edb\" data-id=\"434b2edb\" data-element_type=\"column\" data-e-type=\"column\">\n\t\t\t<div class=\"elementor-widget-wrap elementor-element-populated\">\n\t\t\t\t\t\t<div class=\"elementor-element elementor-element-b932040 elementor-invisible elementor-widget elementor-widget-heading\" data-id=\"b932040\" data-element_type=\"widget\" data-e-type=\"widget\" data-settings=\"{&quot;_animation&quot;:&quot;fadeIn&quot;}\" data-widget_type=\"heading.default\">\n\t\t\t\t\t<h2 class=\"elementor-heading-title elementor-size-default elementor-heading-title elementor-align-after-left\">\u00a1Bienvenido a 3D Barrier Bags, Inc.\u2122!<\/h2>\t\t\t\t<\/div>\n\t\t\t\t<div class=\"elementor-element elementor-element-ef67ba4 elementor-widget elementor-widget-text-editor\" data-id=\"ef67ba4\" data-element_type=\"widget\" data-e-type=\"widget\" data-widget_type=\"text-editor.default\">\n\t\t\t\t\t\t\t\t\t<p>Nuestra organizaci\u00f3n est\u00e1 creciendo, por lo que siempre estamos buscando personas excelentes para unirse a nuestro equipo.<\/p>\n<p>Explora nuestra cultura colaborativa de inclusi\u00f3n, desarrollo y crecimiento y, al unirte a nuestra organizaci\u00f3n, estar\u00e1s ayudando a definirla.<\/p>\n\t\t\t\t\t\t\t\t<\/div>\n\t\t\t\t<div class=\"elementor-element elementor-element-19fdbd79 elementor-widget elementor-widget-text-editor\" data-id=\"19fdbd79\" data-element_type=\"widget\" data-e-type=\"widget\" data-widget_type=\"text-editor.default\">\n\t\t\t\t\t\t\t\t\t\t<div class=\"awsm-job-wrap\">\n\n\t\t\n\t\t<div class=\"awsm-job-listings awsm-row awsm-grid-col-2\" data-listings=\"10\" data-lang=\"es\">\n\t\t\t\t\t<div class=\"awsm-jobs-none-container\">\n\t\t\t\t<p>We currently have no job openings<\/p>\n\t\t\t<\/div>\n\t\t\t<\/div>\n\t<\/div>\n\n\t\t\t\t\t\t\t\t<\/div>\n\t\t\t\t\t<\/div>\n\t\t<\/div>\n\t\t\t\t\t<\/div>\n\t\t<\/section>\n\t\t\t\t<\/div>\n\t\t","protected":false},"excerpt":{"rendered":"<p>\u00a1Bienvenido a 3D Barrier Bags, Inc.\u2122! Nuestra organizaci\u00f3n est\u00e1 creciendo, por lo que siempre estamos buscando personas excelentes&#8230;<\/p>\n","protected":false},"author":1,"featured_media":0,"parent":0,"menu_order":0,"comment_status":"closed","ping_status":"closed","template":"elementor_header_footer","meta":{"_acf_changed":false,"content-type":"","footnotes":""},"industry":[],"product":[],"class_list":["post-9212","page","type-page","status-publish","hentry"],"acf":[],"yoast_head":"<!-- This site is optimized with the Yoast SEO plugin v27.4 - https:\/\/yoast.com\/product\/yoast-seo-wordpress\/ -->\n<title>3D Barrier Bags, Inc. - Empleos - Orlando, FL<\/title>\n<meta name=\"description\" content=\"3D Barrier Bags fabrica bolsas de barrera contra vapor de humedad en Orlando, FL. \u00a1Consulte nuestras oportunidades profesionales!\" \/>\n<meta name=\"robots\" content=\"index, follow, max-snippet:-1, max-image-preview:large, max-video-preview:-1\" \/>\n<link rel=\"canonical\" href=\"https:\/\/www.3dbarrierbags.com\/es\/carreras\/\" \/>\n<meta property=\"og:locale\" content=\"es_ES\" \/>\n<meta property=\"og:type\" content=\"article\" \/>\n<meta property=\"og:title\" content=\"3D Barrier Bags, Inc. - Empleos - Orlando, FL\" \/>\n<meta property=\"og:description\" content=\"3D Barrier Bags fabrica bolsas de barrera contra vapor de humedad en Orlando, FL. \u00a1Consulte nuestras oportunidades profesionales!\" \/>\n<meta property=\"og:url\" content=\"https:\/\/www.3dbarrierbags.com\/es\/carreras\/\" \/>\n<meta property=\"og:site_name\" content=\"3D Barrier Bags, Inc\" \/>\n<meta property=\"article:modified_time\" content=\"2024-12-18T19:52:39+00:00\" \/>\n<meta name=\"twitter:card\" content=\"summary_large_image\" \/>\n<meta name=\"twitter:label1\" content=\"Tiempo de lectura\" \/>\n\t<meta name=\"twitter:data1\" content=\"1 minuto\" \/>\n<script type=\"application\/ld+json\" class=\"yoast-schema-graph\">{\"@context\":\"https:\\\/\\\/schema.org\",\"@graph\":[{\"@type\":\"WebPage\",\"@id\":\"https:\\\/\\\/www.3dbarrierbags.com\\\/es\\\/carreras\\\/\",\"url\":\"https:\\\/\\\/www.3dbarrierbags.com\\\/es\\\/carreras\\\/\",\"name\":\"3D Barrier Bags, Inc. - Empleos - Orlando, FL\",\"isPartOf\":{\"@id\":\"https:\\\/\\\/www.3dbarrierbags.com\\\/es\\\/#website\"},\"datePublished\":\"2022-08-18T10:59:37+00:00\",\"dateModified\":\"2024-12-18T19:52:39+00:00\",\"description\":\"3D Barrier Bags fabrica bolsas de barrera contra vapor de humedad en Orlando, FL. \u00a1Consulte nuestras oportunidades profesionales!\",\"breadcrumb\":{\"@id\":\"https:\\\/\\\/www.3dbarrierbags.com\\\/es\\\/carreras\\\/#breadcrumb\"},\"inLanguage\":\"es\",\"potentialAction\":[{\"@type\":\"ReadAction\",\"target\":[\"https:\\\/\\\/www.3dbarrierbags.com\\\/es\\\/carreras\\\/\"]}]},{\"@type\":\"BreadcrumbList\",\"@id\":\"https:\\\/\\\/www.3dbarrierbags.com\\\/es\\\/carreras\\\/#breadcrumb\",\"itemListElement\":[{\"@type\":\"ListItem\",\"position\":1,\"name\":\"Home\",\"item\":\"https:\\\/\\\/www.3dbarrierbags.com\\\/es\\\/\"},{\"@type\":\"ListItem\",\"position\":2,\"name\":\"Carreras\"}]},{\"@type\":\"WebSite\",\"@id\":\"https:\\\/\\\/www.3dbarrierbags.com\\\/es\\\/#website\",\"url\":\"https:\\\/\\\/www.3dbarrierbags.com\\\/es\\\/\",\"name\":\"3D Barrier Bags, Inc\",\"description\":\"\",\"publisher\":{\"@id\":\"https:\\\/\\\/www.3dbarrierbags.com\\\/es\\\/#organization\"},\"potentialAction\":[{\"@type\":\"SearchAction\",\"target\":{\"@type\":\"EntryPoint\",\"urlTemplate\":\"https:\\\/\\\/www.3dbarrierbags.com\\\/es\\\/?s={search_term_string}\"},\"query-input\":{\"@type\":\"PropertyValueSpecification\",\"valueRequired\":true,\"valueName\":\"search_term_string\"}}],\"inLanguage\":\"es\"},{\"@type\":\"Organization\",\"@id\":\"https:\\\/\\\/www.3dbarrierbags.com\\\/es\\\/#organization\",\"name\":\"3D Barrier Bags\",\"url\":\"https:\\\/\\\/www.3dbarrierbags.com\\\/es\\\/\",\"logo\":{\"@type\":\"ImageObject\",\"inLanguage\":\"es\",\"@id\":\"https:\\\/\\\/www.3dbarrierbags.com\\\/es\\\/#\\\/schema\\\/logo\\\/image\\\/\",\"url\":\"https:\\\/\\\/www.3dbarrierbags.com\\\/wp-content\\\/uploads\\\/2023\\\/01\\\/3d-og-img.jpg\",\"contentUrl\":\"https:\\\/\\\/www.3dbarrierbags.com\\\/wp-content\\\/uploads\\\/2023\\\/01\\\/3d-og-img.jpg\",\"width\":1200,\"height\":630,\"caption\":\"3D Barrier Bags\"},\"image\":{\"@id\":\"https:\\\/\\\/www.3dbarrierbags.com\\\/es\\\/#\\\/schema\\\/logo\\\/image\\\/\"},\"sameAs\":[\"https:\\\/\\\/www.linkedin.com\\\/company\\\/3d-barrier-bags-inc\\\/mycompany\"]}]}<\/script>\n<!-- \/ Yoast SEO plugin. -->","yoast_head_json":{"title":"3D Barrier Bags, Inc. - Empleos - Orlando, FL","description":"3D Barrier Bags fabrica bolsas de barrera contra vapor de humedad en Orlando, FL. \u00a1Consulte nuestras oportunidades profesionales!","robots":{"index":"index","follow":"follow","max-snippet":"max-snippet:-1","max-image-preview":"max-image-preview:large","max-video-preview":"max-video-preview:-1"},"canonical":"https:\/\/www.3dbarrierbags.com\/es\/carreras\/","og_locale":"es_ES","og_type":"article","og_title":"3D Barrier Bags, Inc. - Empleos - Orlando, FL","og_description":"3D Barrier Bags fabrica bolsas de barrera contra vapor de humedad en Orlando, FL. \u00a1Consulte nuestras oportunidades profesionales!","og_url":"https:\/\/www.3dbarrierbags.com\/es\/carreras\/","og_site_name":"3D Barrier Bags, Inc","article_modified_time":"2024-12-18T19:52:39+00:00","twitter_card":"summary_large_image","twitter_misc":{"Tiempo de lectura":"1 minuto"},"schema":{"@context":"https:\/\/schema.org","@graph":[{"@type":"WebPage","@id":"https:\/\/www.3dbarrierbags.com\/es\/carreras\/","url":"https:\/\/www.3dbarrierbags.com\/es\/carreras\/","name":"3D Barrier Bags, Inc. - Empleos - Orlando, FL","isPartOf":{"@id":"https:\/\/www.3dbarrierbags.com\/es\/#website"},"datePublished":"2022-08-18T10:59:37+00:00","dateModified":"2024-12-18T19:52:39+00:00","description":"3D Barrier Bags fabrica bolsas de barrera contra vapor de humedad en Orlando, FL. \u00a1Consulte nuestras oportunidades profesionales!","breadcrumb":{"@id":"https:\/\/www.3dbarrierbags.com\/es\/carreras\/#breadcrumb"},"inLanguage":"es","potentialAction":[{"@type":"ReadAction","target":["https:\/\/www.3dbarrierbags.com\/es\/carreras\/"]}]},{"@type":"BreadcrumbList","@id":"https:\/\/www.3dbarrierbags.com\/es\/carreras\/#breadcrumb","itemListElement":[{"@type":"ListItem","position":1,"name":"Home","item":"https:\/\/www.3dbarrierbags.com\/es\/"},{"@type":"ListItem","position":2,"name":"Carreras"}]},{"@type":"WebSite","@id":"https:\/\/www.3dbarrierbags.com\/es\/#website","url":"https:\/\/www.3dbarrierbags.com\/es\/","name":"3D Barrier Bags, Inc","description":"","publisher":{"@id":"https:\/\/www.3dbarrierbags.com\/es\/#organization"},"potentialAction":[{"@type":"SearchAction","target":{"@type":"EntryPoint","urlTemplate":"https:\/\/www.3dbarrierbags.com\/es\/?s={search_term_string}"},"query-input":{"@type":"PropertyValueSpecification","valueRequired":true,"valueName":"search_term_string"}}],"inLanguage":"es"},{"@type":"Organization","@id":"https:\/\/www.3dbarrierbags.com\/es\/#organization","name":"3D Barrier Bags","url":"https:\/\/www.3dbarrierbags.com\/es\/","logo":{"@type":"ImageObject","inLanguage":"es","@id":"https:\/\/www.3dbarrierbags.com\/es\/#\/schema\/logo\/image\/","url":"https:\/\/www.3dbarrierbags.com\/wp-content\/uploads\/2023\/01\/3d-og-img.jpg","contentUrl":"https:\/\/www.3dbarrierbags.com\/wp-content\/uploads\/2023\/01\/3d-og-img.jpg","width":1200,"height":630,"caption":"3D Barrier Bags"},"image":{"@id":"https:\/\/www.3dbarrierbags.com\/es\/#\/schema\/logo\/image\/"},"sameAs":["https:\/\/www.linkedin.com\/company\/3d-barrier-bags-inc\/mycompany"]}]}},"_links":{"self":[{"href":"https:\/\/www.3dbarrierbags.com\/es\/wp-json\/wp\/v2\/pages\/9212","targetHints":{"allow":["GET"]}}],"collection":[{"href":"https:\/\/www.3dbarrierbags.com\/es\/wp-json\/wp\/v2\/pages"}],"about":[{"href":"https:\/\/www.3dbarrierbags.com\/es\/wp-json\/wp\/v2\/types\/page"}],"author":[{"embeddable":true,"href":"https:\/\/www.3dbarrierbags.com\/es\/wp-json\/wp\/v2\/users\/1"}],"replies":[{"embeddable":true,"href":"https:\/\/www.3dbarrierbags.com\/es\/wp-json\/wp\/v2\/comments?post=9212"}],"version-history":[{"count":5,"href":"https:\/\/www.3dbarrierbags.com\/es\/wp-json\/wp\/v2\/pages\/9212\/revisions"}],"predecessor-version":[{"id":15169,"href":"https:\/\/www.3dbarrierbags.com\/es\/wp-json\/wp\/v2\/pages\/9212\/revisions\/15169"}],"wp:attachment":[{"href":"https:\/\/www.3dbarrierbags.com\/es\/wp-json\/wp\/v2\/media?parent=9212"}],"wp:term":[{"taxonomy":"industry","embeddable":true,"href":"https:\/\/www.3dbarrierbags.com\/es\/wp-json\/wp\/v2\/industry?post=9212"},{"taxonomy":"product","embeddable":true,"href":"https:\/\/www.3dbarrierbags.com\/es\/wp-json\/wp\/v2\/product?post=9212"}],"curies":[{"name":"wp","href":"https:\/\/api.w.org\/{rel}","templated":true}]}}